{"id":3914,"date":"2020-09-01T11:26:09","date_gmt":"2020-09-01T09:26:09","guid":{"rendered":"https:\/\/www.vinosvaltuille.com\/?post_type=product&#038;p=3914"},"modified":"2025-08-04T13:56:54","modified_gmt":"2025-08-04T11:56:54","slug":"pago-de-valdoneje-mencia","status":"publish","type":"product","link":"https:\/\/www.vinosvaltuille.com\/en\/producto\/pago-de-valdoneje-mencia\/","title":{"rendered":"PAGO DE VALDONEJE MENC\u00cdA 2024"},"content":{"rendered":"<p><strong>PRODUCCI\u00d3N:<\/strong><br \/>\nVi\u00f1edos de 85 a\u00f1os de edad, cuyos rendimientos van de 3000 kg\/ha a 3500 kg\/ha. Suelos arcillosos con presencia de arena y sustrato ferruginoso en algunas zonas. Cosecha manual en cajas de 15 kg, pasando los racimos por una mesa de selecci\u00f3n para evitar los que no lleguen a nuestro baremo de calidad. La fermentaci\u00f3n alcoh\u00f3lica se produce en dep\u00f3sitos de acero inoxidable, con temperaturas constantes por debajo de 28\u00baC.<\/p>\n<p><strong>NOTAS DE CATA:<\/strong><br \/>\nColor rojo intenso con toques de violeta.<br \/>\nEn nariz es muy fresco. Frutos rojos como moras y bayas silvestres; apegados a la tierra del Bierzo con notas tostadas de humo y regaliz, tambi\u00e9n est\u00e1n presentes algunos toques de aromas bals\u00e1micos, menta principalmente.<br \/>\nEl vino est\u00e1 bien estructurado en boca, con una profundidad incre\u00edble y un final afrutado persistente. Equilibrio perfecto con taninos muy finos.<\/p>\n<p><strong>A\u00d1ADA 2015.-<\/strong>91 puntos Parker<\/p>\n<p><strong>A\u00d1ADA 2016.-<\/strong> 91 puntos Parker<\/p>\n<p><strong>A\u00d1ADA 2017.-<\/strong> 91+ puntos Parker y 90 puntos Suckling.<\/p>\n<p><strong>A\u00d1ADA 2019.-<\/strong> 92 puntos Parker y 92 puntos Suckling.<\/p>\n<p><strong>A\u00d1ADA 2020.-<\/strong>92 puntos Parker y 92 puntos Suckling<\/p>\n","protected":false},"excerpt":{"rendered":"<p><strong>VARIEDAD DE UVA:<\/strong>\u00a0100% Menc\u00eda<br \/>\n<strong>TIEMPO EN BARRICA:<\/strong>\u00a0Sin barrica<br \/>\n<strong>VOLUMEN ALCOHOL:<\/strong>\u00a014%<br \/>\n<strong>ORIGEN:<\/strong>\u00a0DO Bierzo | Valtuille de Abajo<\/p>\n<p>A\u00d1ADA 2015.- 91 puntos Parker<\/p>\n<p>A\u00d1ADA 2016.- 91 puntos Parker<\/p>\n<p>A\u00d1ADA 2017.- 91+ puntos Parker y 90 puntos Suckling.<\/p>\n<p>A\u00d1ADA 2019.- 92 puntos Parker y 92 puntos Suckling.<\/p>\n","protected":false},"featured_media":29,"template":"","meta":{"_coblocks_attr":"","_coblocks_dimensions":"","_coblocks_responsive_height":"","_coblocks_accordion_ie_support":""},"product_brand":[],"product_cat":[39],"product_tag":[],"class_list":{"0":"post-3914","1":"product","2":"type-product","3":"status-publish","4":"has-post-thumbnail","6":"product_cat-mencia","7":"post-has-thumbnail","9":"first","10":"instock","11":"taxable","12":"shipping-taxable","13":"purchasable","14":"product-type-simple"},"translation":{"provider":"WPGlobus","version":"3.0.0","language":"en","enabled_languages":["es","en"],"languages":{"es":{"title":true,"content":true,"excerpt":true},"en":{"title":false,"content":false,"excerpt":false}}},"yoast_head":"<!-- This site is optimized with the Yoast SEO plugin v26.4 - https:\/\/yoast.com\/wordpress\/plugins\/seo\/ -->\n<title>PAGO DE VALDONEJE MENC\u00cdA 2024 - Tu vino joven del Bierzo<\/title>\n<meta name=\"robots\" content=\"index, follow, max-snippet:-1, max-image-preview:large, max-video-preview:-1\" \/>\n<link rel=\"canonical\" href=\"https:\/\/www.vinosvaltuille.com\/producto\/pago-de-valdoneje-mencia\/\" \/>\n<meta property=\"og:locale\" content=\"en_US\" \/>\n<meta property=\"og:type\" content=\"article\" \/>\n<meta property=\"og:title\" content=\"PAGO DE VALDONEJE MENC\u00cdA 2024 - Vinos Valtuille\" \/>\n<meta property=\"og:url\" content=\"https:\/\/www.vinosvaltuille.com\/producto\/pago-de-valdoneje-mencia\/\" \/>\n<meta property=\"og:site_name\" content=\"Vinos Valtuille\" \/>\n<meta property=\"article:publisher\" content=\"https:\/\/www.facebook.com\/Vinos-Valtuille-1551026781776213\/\" \/>\n<meta property=\"article:modified_time\" content=\"2025-08-04T11:56:54+00:00\" \/>\n<meta property=\"og:image\" content=\"https:\/\/www.vinosvaltuille.com\/wp-content\/uploads\/2017\/05\/1.jpg\" \/>\n\t<meta property=\"og:image:width\" content=\"800\" \/>\n\t<meta property=\"og:image:height\" content=\"716\" \/>\n\t<meta property=\"og:image:type\" content=\"image\/jpeg\" \/>\n<meta name=\"twitter:card\" content=\"summary_large_image\" \/>\n<meta name=\"twitter:site\" content=\"@vvaltuille\" \/>\n<meta name=\"twitter:label1\" content=\"Est. reading time\" \/>\n\t<meta name=\"twitter:data1\" content=\"2 minutes\" \/>\n<script type=\"application\/ld+json\" class=\"yoast-schema-graph\">{\"@context\":\"https:\/\/schema.org\",\"@graph\":[{\"@type\":\"WebPage\",\"@id\":\"https:\/\/www.vinosvaltuille.com\/producto\/pago-de-valdoneje-mencia\/\",\"url\":\"https:\/\/www.vinosvaltuille.com\/producto\/pago-de-valdoneje-mencia\/\",\"name\":\"PAGO DE VALDONEJE MENC\u00cdA 2024 - Tu vino joven del Bierzo\",\"isPartOf\":{\"@id\":\"https:\/\/www.vinosvaltuille.com\/#website\"},\"primaryImageOfPage\":{\"@id\":\"https:\/\/www.vinosvaltuille.com\/producto\/pago-de-valdoneje-mencia\/#primaryimage\"},\"image\":{\"@id\":\"https:\/\/www.vinosvaltuille.com\/producto\/pago-de-valdoneje-mencia\/#primaryimage\"},\"thumbnailUrl\":\"https:\/\/www.vinosvaltuille.com\/wp-content\/uploads\/2017\/05\/1.jpg\",\"datePublished\":\"2020-09-01T09:26:09+00:00\",\"dateModified\":\"2025-08-04T11:56:54+00:00\",\"description\":\"Pago de Valdoneje Menc\u00eda. Vino joven D.O. Bierzo. Elaborado con vi\u00f1edos de 85 a\u00f1os de edad. Considerado uno de los mejores y m\u00e1s frescos menc\u00edas.\",\"breadcrumb\":{\"@id\":\"https:\/\/www.vinosvaltuille.com\/producto\/pago-de-valdoneje-mencia\/#breadcrumb\"},\"inLanguage\":\"en-US\",\"potentialAction\":[{\"@type\":\"ReadAction\",\"target\":[\"https:\/\/www.vinosvaltuille.com\/producto\/pago-de-valdoneje-mencia\/\"]}]},{\"@type\":\"ImageObject\",\"inLanguage\":\"en-US\",\"@id\":\"https:\/\/www.vinosvaltuille.com\/producto\/pago-de-valdoneje-mencia\/#primaryimage\",\"url\":\"https:\/\/www.vinosvaltuille.com\/wp-content\/uploads\/2017\/05\/1.jpg\",\"contentUrl\":\"https:\/\/www.vinosvaltuille.com\/wp-content\/uploads\/2017\/05\/1.jpg\",\"width\":800,\"height\":716},{\"@type\":\"BreadcrumbList\",\"@id\":\"https:\/\/www.vinosvaltuille.com\/producto\/pago-de-valdoneje-mencia\/#breadcrumb\",\"itemListElement\":[{\"@type\":\"ListItem\",\"position\":1,\"name\":\"Portada\",\"item\":\"https:\/\/www.vinosvaltuille.com\/\"},{\"@type\":\"ListItem\",\"position\":2,\"name\":\"Tienda\",\"item\":\"https:\/\/www.vinosvaltuille.com\/tienda\/\"},{\"@type\":\"ListItem\",\"position\":3,\"name\":\"PAGO DE VALDONEJE MENC\u00cdA 2024\"}]},{\"@type\":\"WebSite\",\"@id\":\"https:\/\/www.vinosvaltuille.com\/#website\",\"url\":\"https:\/\/www.vinosvaltuille.com\/\",\"name\":\"Vinos Valtuille\",\"description\":\"Attachtment to land, passion for wine\",\"potentialAction\":[{\"@type\":\"SearchAction\",\"target\":{\"@type\":\"EntryPoint\",\"urlTemplate\":\"https:\/\/www.vinosvaltuille.com\/?s={search_term_string}\"},\"query-input\":{\"@type\":\"PropertyValueSpecification\",\"valueRequired\":true,\"valueName\":\"search_term_string\"}}],\"inLanguage\":\"en-US\"}]}<\/script>\n<!-- \/ Yoast SEO plugin. -->","yoast_head_json":{"title":"PAGO DE VALDONEJE MENC\u00cdA 2024 - Tu vino joven del Bierzo","robots":{"index":"index","follow":"follow","max-snippet":"max-snippet:-1","max-image-preview":"max-image-preview:large","max-video-preview":"max-video-preview:-1"},"canonical":"https:\/\/www.vinosvaltuille.com\/producto\/pago-de-valdoneje-mencia\/","og_locale":"en_US","og_type":"article","og_title":"PAGO DE VALDONEJE MENC\u00cdA 2024 - Vinos Valtuille","og_url":"https:\/\/www.vinosvaltuille.com\/producto\/pago-de-valdoneje-mencia\/","og_site_name":"Vinos Valtuille","article_publisher":"https:\/\/www.facebook.com\/Vinos-Valtuille-1551026781776213\/","article_modified_time":"2025-08-04T11:56:54+00:00","og_image":[{"width":800,"height":716,"url":"https:\/\/www.vinosvaltuille.com\/wp-content\/uploads\/2017\/05\/1.jpg","type":"image\/jpeg"}],"twitter_card":"summary_large_image","twitter_site":"@vvaltuille","twitter_misc":{"Est. reading time":"2 minutes"},"schema":{"@context":"https:\/\/schema.org","@graph":[{"@type":"WebPage","@id":"https:\/\/www.vinosvaltuille.com\/producto\/pago-de-valdoneje-mencia\/","url":"https:\/\/www.vinosvaltuille.com\/producto\/pago-de-valdoneje-mencia\/","name":"PAGO DE VALDONEJE MENC\u00cdA 2024 - Tu vino joven del Bierzo","isPartOf":{"@id":"https:\/\/www.vinosvaltuille.com\/#website"},"primaryImageOfPage":{"@id":"https:\/\/www.vinosvaltuille.com\/producto\/pago-de-valdoneje-mencia\/#primaryimage"},"image":{"@id":"https:\/\/www.vinosvaltuille.com\/producto\/pago-de-valdoneje-mencia\/#primaryimage"},"thumbnailUrl":"https:\/\/www.vinosvaltuille.com\/wp-content\/uploads\/2017\/05\/1.jpg","datePublished":"2020-09-01T09:26:09+00:00","dateModified":"2025-08-04T11:56:54+00:00","description":"Pago de Valdoneje Menc\u00eda. Vino joven D.O. Bierzo. Elaborado con vi\u00f1edos de 85 a\u00f1os de edad. Considerado uno de los mejores y m\u00e1s frescos menc\u00edas.","breadcrumb":{"@id":"https:\/\/www.vinosvaltuille.com\/producto\/pago-de-valdoneje-mencia\/#breadcrumb"},"inLanguage":"en-US","potentialAction":[{"@type":"ReadAction","target":["https:\/\/www.vinosvaltuille.com\/producto\/pago-de-valdoneje-mencia\/"]}]},{"@type":"ImageObject","inLanguage":"en-US","@id":"https:\/\/www.vinosvaltuille.com\/producto\/pago-de-valdoneje-mencia\/#primaryimage","url":"https:\/\/www.vinosvaltuille.com\/wp-content\/uploads\/2017\/05\/1.jpg","contentUrl":"https:\/\/www.vinosvaltuille.com\/wp-content\/uploads\/2017\/05\/1.jpg","width":800,"height":716},{"@type":"BreadcrumbList","@id":"https:\/\/www.vinosvaltuille.com\/producto\/pago-de-valdoneje-mencia\/#breadcrumb","itemListElement":[{"@type":"ListItem","position":1,"name":"Portada","item":"https:\/\/www.vinosvaltuille.com\/"},{"@type":"ListItem","position":2,"name":"Tienda","item":"https:\/\/www.vinosvaltuille.com\/tienda\/"},{"@type":"ListItem","position":3,"name":"PAGO DE VALDONEJE MENC\u00cdA 2024"}]},{"@type":"WebSite","@id":"https:\/\/www.vinosvaltuille.com\/#website","url":"https:\/\/www.vinosvaltuille.com\/","name":"Vinos Valtuille","description":"Attachtment to land, passion for wine","potentialAction":[{"@type":"SearchAction","target":{"@type":"EntryPoint","urlTemplate":"https:\/\/www.vinosvaltuille.com\/?s={search_term_string}"},"query-input":{"@type":"PropertyValueSpecification","valueRequired":true,"valueName":"search_term_string"}}],"inLanguage":"en-US"}]}},"_links":{"self":[{"href":"https:\/\/www.vinosvaltuille.com\/en\/wp-json\/wp\/v2\/product\/3914","targetHints":{"allow":["GET"]}}],"collection":[{"href":"https:\/\/www.vinosvaltuille.com\/en\/wp-json\/wp\/v2\/product"}],"about":[{"href":"https:\/\/www.vinosvaltuille.com\/en\/wp-json\/wp\/v2\/types\/product"}],"wp:featuredmedia":[{"embeddable":true,"href":"https:\/\/www.vinosvaltuille.com\/en\/wp-json\/wp\/v2\/media\/29"}],"wp:attachment":[{"href":"https:\/\/www.vinosvaltuille.com\/en\/wp-json\/wp\/v2\/media?parent=3914"}],"wp:term":[{"taxonomy":"product_brand","embeddable":true,"href":"https:\/\/www.vinosvaltuille.com\/en\/wp-json\/wp\/v2\/product_brand?post=3914"},{"taxonomy":"product_cat","embeddable":true,"href":"https:\/\/www.vinosvaltuille.com\/en\/wp-json\/wp\/v2\/product_cat?post=3914"},{"taxonomy":"product_tag","embeddable":true,"href":"https:\/\/www.vinosvaltuille.com\/en\/wp-json\/wp\/v2\/product_tag?post=3914"}],"curies":[{"name":"wp","href":"https:\/\/api.w.org\/{rel}","templated":true}]}}