{"id":3915,"date":"2020-09-01T12:46:17","date_gmt":"2020-09-01T10:46:17","guid":{"rendered":"https:\/\/www.vinosvaltuille.com\/?post_type=product&#038;p=3915"},"modified":"2025-11-24T10:53:18","modified_gmt":"2025-11-24T09:53:18","slug":"pago-de-valdoneje-godello-la-cerrada","status":"publish","type":"product","link":"https:\/\/www.vinosvaltuille.com\/en\/producto\/pago-de-valdoneje-godello-la-cerrada\/","title":{"rendered":"PAGO DE VALDONEJE GODELLO-LA CERRADA 2025"},"content":{"rendered":"<p><strong>PRODUCCI\u00d3N:<\/strong> Vides cuidadosamente seleccionadas son vi\u00f1edos de 25 a\u00f1os, cuyos rendimientos van de 5000 kg\/ha a 7000 kg\/ha. Est\u00e1n situados a 500 metros de altitud en la parte baja de la colina, con orientaci\u00f3n noroeste y suelos de arcilla y piedra caliza. Cosecha manual en cajas de 15 kg, pasando los racimos por una mesa de selecci\u00f3n para evitar los que no lleguen a nuestro baremo de calidad. La fermentaci\u00f3n alcoh\u00f3lica se produce en dep\u00f3sitos de acero inoxidable, durante 10 d\u00edas con temperaturas constantes. La producci\u00f3n se limita a 4500 botellas.<br \/>\n<strong>ENVEJECIMIENTO:<\/strong><br \/>\nEl vino se mantiene en los dep\u00f3sitos de acero inoxidable sobre sus l\u00edas durante 2 meses.<\/p>\n","protected":false},"excerpt":{"rendered":"<p><strong>VARIEDAD DE UVA:<\/strong><br \/>\n100% Godello. Selecci\u00f3n masal de plantas aut\u00f3ctonas de godello del Bierzo, adaptadas a nuestro microclima y suelos durante siglos.<br \/>\n<strong>CRIANZA:<\/strong>\u00a0Crianza de 2 meses sobre sus l\u00edas<br \/>\n<strong>VOLUMEN ALCOHOL:<\/strong>\u00a013,50%<br \/>\n<strong>ORIGEN:<\/strong>\u00a0DO Bierzo |Valtuille de Abajo<\/p>\n<p><strong>NOTAS DE CATA:<\/strong><br \/>\nColor amarillo claro con reflejos met\u00e1licos. En nariz se perciben algunas notas bals\u00e1micas, monte bajo (hinojo) y fruta de hueso. Muy sabroso y limpio en boca, acidez c\u00edtrica, minerales, flores blancas y silvestres. Equilibrado. Muy buena acidez.<\/p>\n<p><strong>A\u00d1ADA 2020:<\/strong> 90 puntos Parker y 90 puntos Suckling.<\/p>\n","protected":false},"featured_media":4191,"template":"","meta":{"_coblocks_attr":"","_coblocks_dimensions":"","_coblocks_responsive_height":"","_coblocks_accordion_ie_support":""},"product_brand":[],"product_cat":[38],"product_tag":[],"class_list":{"0":"post-3915","1":"product","2":"type-product","3":"status-publish","4":"has-post-thumbnail","6":"product_cat-godello","7":"post-has-thumbnail","9":"first","10":"instock","11":"taxable","12":"shipping-taxable","13":"purchasable","14":"product-type-simple"},"translation":{"provider":"WPGlobus","version":"3.0.0","language":"en","enabled_languages":["es","en"],"languages":{"es":{"title":true,"content":true,"excerpt":true},"en":{"title":false,"content":false,"excerpt":false}}},"yoast_head":"<!-- This site is optimized with the Yoast SEO plugin v26.4 - https:\/\/yoast.com\/wordpress\/plugins\/seo\/ -->\n<title>PAGO DE VALDONEJE GODELLO-LA CERRADA 2025 - Bierzo<\/title>\n<meta name=\"robots\" content=\"index, follow, max-snippet:-1, max-image-preview:large, max-video-preview:-1\" \/>\n<link rel=\"canonical\" href=\"https:\/\/www.vinosvaltuille.com\/producto\/pago-de-valdoneje-godello-la-cerrada\/\" \/>\n<meta property=\"og:locale\" content=\"en_US\" \/>\n<meta property=\"og:type\" content=\"article\" \/>\n<meta property=\"og:title\" content=\"PAGO DE VALDONEJE GODELLO-LA CERRADA 2025 - Vinos Valtuille\" \/>\n<meta property=\"og:url\" content=\"https:\/\/www.vinosvaltuille.com\/producto\/pago-de-valdoneje-godello-la-cerrada\/\" \/>\n<meta property=\"og:site_name\" content=\"Vinos Valtuille\" \/>\n<meta property=\"article:publisher\" content=\"https:\/\/www.facebook.com\/Vinos-Valtuille-1551026781776213\/\" \/>\n<meta property=\"article:modified_time\" content=\"2025-11-24T09:53:18+00:00\" \/>\n<meta property=\"og:image\" content=\"https:\/\/www.vinosvaltuille.com\/wp-content\/uploads\/2023\/03\/la-cerrada.jpg\" \/>\n\t<meta property=\"og:image:width\" content=\"800\" \/>\n\t<meta property=\"og:image:height\" content=\"716\" \/>\n\t<meta property=\"og:image:type\" content=\"image\/jpeg\" \/>\n<meta name=\"twitter:card\" content=\"summary_large_image\" \/>\n<meta name=\"twitter:site\" content=\"@vvaltuille\" \/>\n<meta name=\"twitter:label1\" content=\"Est. reading time\" \/>\n\t<meta name=\"twitter:data1\" content=\"1 minute\" \/>\n<script type=\"application\/ld+json\" class=\"yoast-schema-graph\">{\"@context\":\"https:\/\/schema.org\",\"@graph\":[{\"@type\":\"WebPage\",\"@id\":\"https:\/\/www.vinosvaltuille.com\/producto\/pago-de-valdoneje-godello-la-cerrada\/\",\"url\":\"https:\/\/www.vinosvaltuille.com\/producto\/pago-de-valdoneje-godello-la-cerrada\/\",\"name\":\"PAGO DE VALDONEJE GODELLO-LA CERRADA 2025 - Bierzo\",\"isPartOf\":{\"@id\":\"https:\/\/www.vinosvaltuille.com\/#website\"},\"primaryImageOfPage\":{\"@id\":\"https:\/\/www.vinosvaltuille.com\/producto\/pago-de-valdoneje-godello-la-cerrada\/#primaryimage\"},\"image\":{\"@id\":\"https:\/\/www.vinosvaltuille.com\/producto\/pago-de-valdoneje-godello-la-cerrada\/#primaryimage\"},\"thumbnailUrl\":\"https:\/\/www.vinosvaltuille.com\/wp-content\/uploads\/2023\/03\/la-cerrada.jpg\",\"datePublished\":\"2020-09-01T10:46:17+00:00\",\"dateModified\":\"2025-11-24T09:53:18+00:00\",\"description\":\"Vino 100% godello procedente de una seleci\u00f3n masal de plantas aut\u00f3ctonas de godello del Bierzo. 90 puntos Parker y 90 puntos Suckling.\",\"breadcrumb\":{\"@id\":\"https:\/\/www.vinosvaltuille.com\/producto\/pago-de-valdoneje-godello-la-cerrada\/#breadcrumb\"},\"inLanguage\":\"en-US\",\"potentialAction\":[{\"@type\":\"ReadAction\",\"target\":[\"https:\/\/www.vinosvaltuille.com\/producto\/pago-de-valdoneje-godello-la-cerrada\/\"]}]},{\"@type\":\"ImageObject\",\"inLanguage\":\"en-US\",\"@id\":\"https:\/\/www.vinosvaltuille.com\/producto\/pago-de-valdoneje-godello-la-cerrada\/#primaryimage\",\"url\":\"https:\/\/www.vinosvaltuille.com\/wp-content\/uploads\/2023\/03\/la-cerrada.jpg\",\"contentUrl\":\"https:\/\/www.vinosvaltuille.com\/wp-content\/uploads\/2023\/03\/la-cerrada.jpg\",\"width\":800,\"height\":716,\"caption\":\"Godello La Cerrada\"},{\"@type\":\"BreadcrumbList\",\"@id\":\"https:\/\/www.vinosvaltuille.com\/producto\/pago-de-valdoneje-godello-la-cerrada\/#breadcrumb\",\"itemListElement\":[{\"@type\":\"ListItem\",\"position\":1,\"name\":\"Portada\",\"item\":\"https:\/\/www.vinosvaltuille.com\/\"},{\"@type\":\"ListItem\",\"position\":2,\"name\":\"Tienda\",\"item\":\"https:\/\/www.vinosvaltuille.com\/tienda\/\"},{\"@type\":\"ListItem\",\"position\":3,\"name\":\"PAGO DE VALDONEJE GODELLO-LA CERRADA 2025\"}]},{\"@type\":\"WebSite\",\"@id\":\"https:\/\/www.vinosvaltuille.com\/#website\",\"url\":\"https:\/\/www.vinosvaltuille.com\/\",\"name\":\"Vinos Valtuille\",\"description\":\"Attachtment to land, passion for wine\",\"potentialAction\":[{\"@type\":\"SearchAction\",\"target\":{\"@type\":\"EntryPoint\",\"urlTemplate\":\"https:\/\/www.vinosvaltuille.com\/?s={search_term_string}\"},\"query-input\":{\"@type\":\"PropertyValueSpecification\",\"valueRequired\":true,\"valueName\":\"search_term_string\"}}],\"inLanguage\":\"en-US\"}]}<\/script>\n<!-- \/ Yoast SEO plugin. -->","yoast_head_json":{"title":"PAGO DE VALDONEJE GODELLO-LA CERRADA 2025 - Bierzo","robots":{"index":"index","follow":"follow","max-snippet":"max-snippet:-1","max-image-preview":"max-image-preview:large","max-video-preview":"max-video-preview:-1"},"canonical":"https:\/\/www.vinosvaltuille.com\/producto\/pago-de-valdoneje-godello-la-cerrada\/","og_locale":"en_US","og_type":"article","og_title":"PAGO DE VALDONEJE GODELLO-LA CERRADA 2025 - Vinos Valtuille","og_url":"https:\/\/www.vinosvaltuille.com\/producto\/pago-de-valdoneje-godello-la-cerrada\/","og_site_name":"Vinos Valtuille","article_publisher":"https:\/\/www.facebook.com\/Vinos-Valtuille-1551026781776213\/","article_modified_time":"2025-11-24T09:53:18+00:00","og_image":[{"width":800,"height":716,"url":"https:\/\/www.vinosvaltuille.com\/wp-content\/uploads\/2023\/03\/la-cerrada.jpg","type":"image\/jpeg"}],"twitter_card":"summary_large_image","twitter_site":"@vvaltuille","twitter_misc":{"Est. reading time":"1 minute"},"schema":{"@context":"https:\/\/schema.org","@graph":[{"@type":"WebPage","@id":"https:\/\/www.vinosvaltuille.com\/producto\/pago-de-valdoneje-godello-la-cerrada\/","url":"https:\/\/www.vinosvaltuille.com\/producto\/pago-de-valdoneje-godello-la-cerrada\/","name":"PAGO DE VALDONEJE GODELLO-LA CERRADA 2025 - Bierzo","isPartOf":{"@id":"https:\/\/www.vinosvaltuille.com\/#website"},"primaryImageOfPage":{"@id":"https:\/\/www.vinosvaltuille.com\/producto\/pago-de-valdoneje-godello-la-cerrada\/#primaryimage"},"image":{"@id":"https:\/\/www.vinosvaltuille.com\/producto\/pago-de-valdoneje-godello-la-cerrada\/#primaryimage"},"thumbnailUrl":"https:\/\/www.vinosvaltuille.com\/wp-content\/uploads\/2023\/03\/la-cerrada.jpg","datePublished":"2020-09-01T10:46:17+00:00","dateModified":"2025-11-24T09:53:18+00:00","description":"Vino 100% godello procedente de una seleci\u00f3n masal de plantas aut\u00f3ctonas de godello del Bierzo. 90 puntos Parker y 90 puntos Suckling.","breadcrumb":{"@id":"https:\/\/www.vinosvaltuille.com\/producto\/pago-de-valdoneje-godello-la-cerrada\/#breadcrumb"},"inLanguage":"en-US","potentialAction":[{"@type":"ReadAction","target":["https:\/\/www.vinosvaltuille.com\/producto\/pago-de-valdoneje-godello-la-cerrada\/"]}]},{"@type":"ImageObject","inLanguage":"en-US","@id":"https:\/\/www.vinosvaltuille.com\/producto\/pago-de-valdoneje-godello-la-cerrada\/#primaryimage","url":"https:\/\/www.vinosvaltuille.com\/wp-content\/uploads\/2023\/03\/la-cerrada.jpg","contentUrl":"https:\/\/www.vinosvaltuille.com\/wp-content\/uploads\/2023\/03\/la-cerrada.jpg","width":800,"height":716,"caption":"Godello La Cerrada"},{"@type":"BreadcrumbList","@id":"https:\/\/www.vinosvaltuille.com\/producto\/pago-de-valdoneje-godello-la-cerrada\/#breadcrumb","itemListElement":[{"@type":"ListItem","position":1,"name":"Portada","item":"https:\/\/www.vinosvaltuille.com\/"},{"@type":"ListItem","position":2,"name":"Tienda","item":"https:\/\/www.vinosvaltuille.com\/tienda\/"},{"@type":"ListItem","position":3,"name":"PAGO DE VALDONEJE GODELLO-LA CERRADA 2025"}]},{"@type":"WebSite","@id":"https:\/\/www.vinosvaltuille.com\/#website","url":"https:\/\/www.vinosvaltuille.com\/","name":"Vinos Valtuille","description":"Attachtment to land, passion for wine","potentialAction":[{"@type":"SearchAction","target":{"@type":"EntryPoint","urlTemplate":"https:\/\/www.vinosvaltuille.com\/?s={search_term_string}"},"query-input":{"@type":"PropertyValueSpecification","valueRequired":true,"valueName":"search_term_string"}}],"inLanguage":"en-US"}]}},"_links":{"self":[{"href":"https:\/\/www.vinosvaltuille.com\/en\/wp-json\/wp\/v2\/product\/3915","targetHints":{"allow":["GET"]}}],"collection":[{"href":"https:\/\/www.vinosvaltuille.com\/en\/wp-json\/wp\/v2\/product"}],"about":[{"href":"https:\/\/www.vinosvaltuille.com\/en\/wp-json\/wp\/v2\/types\/product"}],"wp:featuredmedia":[{"embeddable":true,"href":"https:\/\/www.vinosvaltuille.com\/en\/wp-json\/wp\/v2\/media\/4191"}],"wp:attachment":[{"href":"https:\/\/www.vinosvaltuille.com\/en\/wp-json\/wp\/v2\/media?parent=3915"}],"wp:term":[{"taxonomy":"product_brand","embeddable":true,"href":"https:\/\/www.vinosvaltuille.com\/en\/wp-json\/wp\/v2\/product_brand?post=3915"},{"taxonomy":"product_cat","embeddable":true,"href":"https:\/\/www.vinosvaltuille.com\/en\/wp-json\/wp\/v2\/product_cat?post=3915"},{"taxonomy":"product_tag","embeddable":true,"href":"https:\/\/www.vinosvaltuille.com\/en\/wp-json\/wp\/v2\/product_tag?post=3915"}],"curies":[{"name":"wp","href":"https:\/\/api.w.org\/{rel}","templated":true}]}}