{"id":3917,"date":"2020-09-01T12:53:20","date_gmt":"2020-09-01T10:53:20","guid":{"rendered":"https:\/\/www.vinosvaltuille.com\/?post_type=product&#038;p=3917"},"modified":"2025-11-24T10:52:52","modified_gmt":"2025-11-24T09:52:52","slug":"la-telleria","status":"publish","type":"product","link":"https:\/\/www.vinosvaltuille.com\/en\/producto\/la-telleria\/","title":{"rendered":"LA TELLER\u00cdA 2024"},"content":{"rendered":"<p><strong>VARIEDAD DE UVA:<\/strong>\u00a0100% Menc\u00eda<br \/>\n<strong>TIEMPO EN BARRICA:<\/strong>\u00a04-5 meses en fudre 10.000 litros<br \/>\n<strong>VOLUMEN ALCOHOL:<\/strong>\u00a014%<br \/>\n<strong>ORIGEN:<\/strong>\u00a0DO Bierzo, Valtuille de Abajo<\/p>\n<p><strong>NOTAS DE CATA:<\/strong><br \/>\nColor rojo intenso con toques violeta. En nar\u00edz es muy fresco. Frutos rojos como moras y bayas silvestres; apegados a la tierra del Bierzo con notas tostadas de humo y regaliz, tambi\u00e9n est\u00e1n presentes algunos toques de aromas bals\u00e1micos.<br \/>\nEl vino est\u00e1 bien estructurado en boca, con gran profundidad y un final afrutado persistente. Equilibrio perfecto con taninos muy frescos.<\/p>\n","protected":false},"excerpt":{"rendered":"<p><strong>PRODUCCI\u00d3N:<\/strong><br \/>\nVi\u00f1edos de 85 a\u00f1os cuyos rendimientos van de 3000 kg\/ha a 3500 kg\/ha.<br \/>\nSuelos arcillosos procedentes en su mayor\u00eda de la parcela de La Teller\u00eda. Situada en una ladera cercana a Valtuille de Abajo en pleno Camino de Santiago con orientaci\u00f3n oeste.<br \/>\nCosecha manual en cajas de 15 kg, pasando los racimos por una mesa de selecci\u00f3n para evitar los que no lleguen a nuestro baremo de calidad.<br \/>\nLa fermentaci\u00f3n alcoh\u00f3lica se produce en dep\u00f3sitos de acero inoxidable, con temperaturas constantes por debajo de 28C.<\/p>\n<p><strong>ENVEJECIMIENTO:<\/strong><br \/>\nDespu\u00e9s de la fermentaci\u00f3n malol\u00e1ctica en dep\u00f3sitos de acero inoxidable, el vino permanece en un fudre de madera de 10.000 litros de capacidad durante 4- 5 meses, dependiendo de la cosecha.<\/p>\n<p><strong>CATADOR:<\/strong><br \/>\n30 de Junio 2010. Luis Guti\u00e9rrez &#8211; <strong>90 puntos Parker.<\/strong><\/p>\n","protected":false},"featured_media":3797,"template":"","meta":{"_coblocks_attr":"","_coblocks_dimensions":"","_coblocks_responsive_height":"","_coblocks_accordion_ie_support":""},"product_brand":[],"product_cat":[41,39],"product_tag":[],"class_list":{"0":"post-3917","1":"product","2":"type-product","3":"status-publish","4":"has-post-thumbnail","6":"product_cat-barrica","7":"product_cat-mencia","8":"post-has-thumbnail","10":"first","11":"instock","12":"taxable","13":"shipping-taxable","14":"purchasable","15":"product-type-simple"},"translation":{"provider":"WPGlobus","version":"3.0.0","language":"en","enabled_languages":["es","en"],"languages":{"es":{"title":true,"content":true,"excerpt":true},"en":{"title":false,"content":false,"excerpt":false}}},"yoast_head":"<!-- This site is optimized with the Yoast SEO plugin v26.4 - https:\/\/yoast.com\/wordpress\/plugins\/seo\/ -->\n<title>LA TELLER\u00cdA 2024 - Vino de finca<\/title>\n<meta name=\"robots\" content=\"index, follow, max-snippet:-1, max-image-preview:large, max-video-preview:-1\" \/>\n<link rel=\"canonical\" href=\"https:\/\/www.vinosvaltuille.com\/producto\/la-telleria\/\" \/>\n<meta property=\"og:locale\" content=\"en_US\" \/>\n<meta property=\"og:type\" content=\"article\" \/>\n<meta property=\"og:title\" content=\"LA TELLER\u00cdA 2024 - Vinos Valtuille\" \/>\n<meta property=\"og:url\" content=\"https:\/\/www.vinosvaltuille.com\/producto\/la-telleria\/\" \/>\n<meta property=\"og:site_name\" content=\"Vinos Valtuille\" \/>\n<meta property=\"article:publisher\" content=\"https:\/\/www.facebook.com\/Vinos-Valtuille-1551026781776213\/\" \/>\n<meta property=\"article:modified_time\" content=\"2025-11-24T09:52:52+00:00\" \/>\n<meta property=\"og:image\" content=\"https:\/\/www.vinosvaltuille.com\/wp-content\/uploads\/2020\/06\/La-Teller\u00eda.jpg\" \/>\n\t<meta property=\"og:image:width\" content=\"800\" \/>\n\t<meta property=\"og:image:height\" content=\"716\" \/>\n\t<meta property=\"og:image:type\" content=\"image\/jpeg\" \/>\n<meta name=\"twitter:card\" content=\"summary_large_image\" \/>\n<meta name=\"twitter:site\" content=\"@vvaltuille\" \/>\n<meta name=\"twitter:label1\" content=\"Est. reading time\" \/>\n\t<meta name=\"twitter:data1\" content=\"1 minute\" \/>\n<script type=\"application\/ld+json\" class=\"yoast-schema-graph\">{\"@context\":\"https:\/\/schema.org\",\"@graph\":[{\"@type\":\"WebPage\",\"@id\":\"https:\/\/www.vinosvaltuille.com\/producto\/la-telleria\/\",\"url\":\"https:\/\/www.vinosvaltuille.com\/producto\/la-telleria\/\",\"name\":\"LA TELLER\u00cdA 2024 - Vino de finca\",\"isPartOf\":{\"@id\":\"https:\/\/www.vinosvaltuille.com\/#website\"},\"primaryImageOfPage\":{\"@id\":\"https:\/\/www.vinosvaltuille.com\/producto\/la-telleria\/#primaryimage\"},\"image\":{\"@id\":\"https:\/\/www.vinosvaltuille.com\/producto\/la-telleria\/#primaryimage\"},\"thumbnailUrl\":\"https:\/\/www.vinosvaltuille.com\/wp-content\/uploads\/2020\/06\/La-Teller\u00eda.jpg\",\"datePublished\":\"2020-09-01T10:53:20+00:00\",\"dateModified\":\"2025-11-24T09:52:52+00:00\",\"description\":\"Vino de finca, 100% menc\u00eda. Denominaci\u00f3n de origen Bierzo. Muy fresco en nariz. Bien estructurado en boca. Equilibrio perfecto.\",\"breadcrumb\":{\"@id\":\"https:\/\/www.vinosvaltuille.com\/producto\/la-telleria\/#breadcrumb\"},\"inLanguage\":\"en-US\",\"potentialAction\":[{\"@type\":\"ReadAction\",\"target\":[\"https:\/\/www.vinosvaltuille.com\/producto\/la-telleria\/\"]}]},{\"@type\":\"ImageObject\",\"inLanguage\":\"en-US\",\"@id\":\"https:\/\/www.vinosvaltuille.com\/producto\/la-telleria\/#primaryimage\",\"url\":\"https:\/\/www.vinosvaltuille.com\/wp-content\/uploads\/2020\/06\/La-Teller\u00eda.jpg\",\"contentUrl\":\"https:\/\/www.vinosvaltuille.com\/wp-content\/uploads\/2020\/06\/La-Teller\u00eda.jpg\",\"width\":800,\"height\":716},{\"@type\":\"BreadcrumbList\",\"@id\":\"https:\/\/www.vinosvaltuille.com\/producto\/la-telleria\/#breadcrumb\",\"itemListElement\":[{\"@type\":\"ListItem\",\"position\":1,\"name\":\"Portada\",\"item\":\"https:\/\/www.vinosvaltuille.com\/\"},{\"@type\":\"ListItem\",\"position\":2,\"name\":\"Tienda\",\"item\":\"https:\/\/www.vinosvaltuille.com\/tienda\/\"},{\"@type\":\"ListItem\",\"position\":3,\"name\":\"LA TELLER\u00cdA 2024\"}]},{\"@type\":\"WebSite\",\"@id\":\"https:\/\/www.vinosvaltuille.com\/#website\",\"url\":\"https:\/\/www.vinosvaltuille.com\/\",\"name\":\"Vinos Valtuille\",\"description\":\"Attachtment to land, passion for wine\",\"potentialAction\":[{\"@type\":\"SearchAction\",\"target\":{\"@type\":\"EntryPoint\",\"urlTemplate\":\"https:\/\/www.vinosvaltuille.com\/?s={search_term_string}\"},\"query-input\":{\"@type\":\"PropertyValueSpecification\",\"valueRequired\":true,\"valueName\":\"search_term_string\"}}],\"inLanguage\":\"en-US\"}]}<\/script>\n<!-- \/ Yoast SEO plugin. -->","yoast_head_json":{"title":"LA TELLER\u00cdA 2024 - Vino de finca","robots":{"index":"index","follow":"follow","max-snippet":"max-snippet:-1","max-image-preview":"max-image-preview:large","max-video-preview":"max-video-preview:-1"},"canonical":"https:\/\/www.vinosvaltuille.com\/producto\/la-telleria\/","og_locale":"en_US","og_type":"article","og_title":"LA TELLER\u00cdA 2024 - Vinos Valtuille","og_url":"https:\/\/www.vinosvaltuille.com\/producto\/la-telleria\/","og_site_name":"Vinos Valtuille","article_publisher":"https:\/\/www.facebook.com\/Vinos-Valtuille-1551026781776213\/","article_modified_time":"2025-11-24T09:52:52+00:00","og_image":[{"width":800,"height":716,"url":"https:\/\/www.vinosvaltuille.com\/wp-content\/uploads\/2020\/06\/La-Teller\u00eda.jpg","type":"image\/jpeg"}],"twitter_card":"summary_large_image","twitter_site":"@vvaltuille","twitter_misc":{"Est. reading time":"1 minute"},"schema":{"@context":"https:\/\/schema.org","@graph":[{"@type":"WebPage","@id":"https:\/\/www.vinosvaltuille.com\/producto\/la-telleria\/","url":"https:\/\/www.vinosvaltuille.com\/producto\/la-telleria\/","name":"LA TELLER\u00cdA 2024 - Vino de finca","isPartOf":{"@id":"https:\/\/www.vinosvaltuille.com\/#website"},"primaryImageOfPage":{"@id":"https:\/\/www.vinosvaltuille.com\/producto\/la-telleria\/#primaryimage"},"image":{"@id":"https:\/\/www.vinosvaltuille.com\/producto\/la-telleria\/#primaryimage"},"thumbnailUrl":"https:\/\/www.vinosvaltuille.com\/wp-content\/uploads\/2020\/06\/La-Teller\u00eda.jpg","datePublished":"2020-09-01T10:53:20+00:00","dateModified":"2025-11-24T09:52:52+00:00","description":"Vino de finca, 100% menc\u00eda. Denominaci\u00f3n de origen Bierzo. Muy fresco en nariz. Bien estructurado en boca. Equilibrio perfecto.","breadcrumb":{"@id":"https:\/\/www.vinosvaltuille.com\/producto\/la-telleria\/#breadcrumb"},"inLanguage":"en-US","potentialAction":[{"@type":"ReadAction","target":["https:\/\/www.vinosvaltuille.com\/producto\/la-telleria\/"]}]},{"@type":"ImageObject","inLanguage":"en-US","@id":"https:\/\/www.vinosvaltuille.com\/producto\/la-telleria\/#primaryimage","url":"https:\/\/www.vinosvaltuille.com\/wp-content\/uploads\/2020\/06\/La-Teller\u00eda.jpg","contentUrl":"https:\/\/www.vinosvaltuille.com\/wp-content\/uploads\/2020\/06\/La-Teller\u00eda.jpg","width":800,"height":716},{"@type":"BreadcrumbList","@id":"https:\/\/www.vinosvaltuille.com\/producto\/la-telleria\/#breadcrumb","itemListElement":[{"@type":"ListItem","position":1,"name":"Portada","item":"https:\/\/www.vinosvaltuille.com\/"},{"@type":"ListItem","position":2,"name":"Tienda","item":"https:\/\/www.vinosvaltuille.com\/tienda\/"},{"@type":"ListItem","position":3,"name":"LA TELLER\u00cdA 2024"}]},{"@type":"WebSite","@id":"https:\/\/www.vinosvaltuille.com\/#website","url":"https:\/\/www.vinosvaltuille.com\/","name":"Vinos Valtuille","description":"Attachtment to land, passion for wine","potentialAction":[{"@type":"SearchAction","target":{"@type":"EntryPoint","urlTemplate":"https:\/\/www.vinosvaltuille.com\/?s={search_term_string}"},"query-input":{"@type":"PropertyValueSpecification","valueRequired":true,"valueName":"search_term_string"}}],"inLanguage":"en-US"}]}},"_links":{"self":[{"href":"https:\/\/www.vinosvaltuille.com\/en\/wp-json\/wp\/v2\/product\/3917","targetHints":{"allow":["GET"]}}],"collection":[{"href":"https:\/\/www.vinosvaltuille.com\/en\/wp-json\/wp\/v2\/product"}],"about":[{"href":"https:\/\/www.vinosvaltuille.com\/en\/wp-json\/wp\/v2\/types\/product"}],"wp:featuredmedia":[{"embeddable":true,"href":"https:\/\/www.vinosvaltuille.com\/en\/wp-json\/wp\/v2\/media\/3797"}],"wp:attachment":[{"href":"https:\/\/www.vinosvaltuille.com\/en\/wp-json\/wp\/v2\/media?parent=3917"}],"wp:term":[{"taxonomy":"product_brand","embeddable":true,"href":"https:\/\/www.vinosvaltuille.com\/en\/wp-json\/wp\/v2\/product_brand?post=3917"},{"taxonomy":"product_cat","embeddable":true,"href":"https:\/\/www.vinosvaltuille.com\/en\/wp-json\/wp\/v2\/product_cat?post=3917"},{"taxonomy":"product_tag","embeddable":true,"href":"https:\/\/www.vinosvaltuille.com\/en\/wp-json\/wp\/v2\/product_tag?post=3917"}],"curies":[{"name":"wp","href":"https:\/\/api.w.org\/{rel}","templated":true}]}}