{"id":3919,"date":"2020-09-01T13:14:49","date_gmt":"2020-09-01T11:14:49","guid":{"rendered":"https:\/\/www.vinosvaltuille.com\/?post_type=product&#038;p=3919"},"modified":"2025-11-24T10:52:26","modified_gmt":"2025-11-24T09:52:26","slug":"el-valao","status":"publish","type":"product","link":"https:\/\/www.vinosvaltuille.com\/en\/producto\/el-valao\/","title":{"rendered":"EL VALAO 2023"},"content":{"rendered":"<p><strong>PRODUCCI\u00d3N:<br \/>\n<\/strong>Uva procedente de la Finca el Valao, de 90 a\u00f1os de edad, cuyo rendimiento se encuentra en torno a 2.500 kg\/ha. Suelo arcilloso con presencia de cantos rodados. Parcela situada en la zona sur de Valdoneje con orientaci\u00f3n oeste. Cosecha manual en jaulas de 15Kg, pasando por una mesa de selecci\u00f3n.<br \/>\nLa fermentaci\u00f3n alcoh\u00f3lica se produce en dep\u00f3sitos de acero inoxidable de 1.000 litros de capacidad, con temperaturas constantes por debajo de 28 \u00baC.<br \/>\n<strong>ENVEJECIMIENTO:<\/strong><br \/>\nDespu\u00e9s de la fermentaci\u00f3n malol\u00e1ctica, depositamos el vino en barricas usadas de roble franc\u00e9s para que envejezca durante 6- 8 meses.<\/p>\n","protected":false},"excerpt":{"rendered":"<p><strong>VARIEDAD DE UVA:<\/strong>\u00a0100% Menc\u00eda<br \/>\n<strong>TIEMPO EN BARRICA:<\/strong>\u00a06-8 meses en barrica de roble franc\u00e9s<br \/>\n<strong>VOLUMEN ALCOHOL:<\/strong>\u00a014%<br \/>\n<strong>ORIGEN:<\/strong>\u00a0DO Bierzo, Valtuille de Abajo<\/p>\n<p><strong>NOTAS DE CATA:<\/strong><br \/>\nColor rojo intenso con toques violeta. En nar\u00edz es muy fresco. Frutos rojos como moras y bayas silvestres; apegados a la tierra del Bierzo con notas tostadas de humo y regaliz, tambi\u00e9n est\u00e1n presentes algunos toques de aromas bals\u00e1micos, menta principalmente.<br \/>\nEl vino est\u00e1 bien estructurado en boca, con gran profundidad y un final afrutado persistente.<br \/>\nEquilibrado perfecto con taninos muy finos.<\/p>\n<p><strong>CATADOR: <\/strong>\u00a039 de junio 2020 Luis Guti\u00e9rrez \u2013 <strong>92+ puntos Parker.<br \/>\n<\/strong><strong>James Suckling &#8211; 93 puntos.<\/strong><\/p>\n","protected":false},"featured_media":3798,"template":"","meta":{"_coblocks_attr":"","_coblocks_dimensions":"","_coblocks_responsive_height":"","_coblocks_accordion_ie_support":""},"product_brand":[],"product_cat":[41,39],"product_tag":[],"class_list":{"0":"post-3919","1":"product","2":"type-product","3":"status-publish","4":"has-post-thumbnail","6":"product_cat-barrica","7":"product_cat-mencia","8":"post-has-thumbnail","10":"first","11":"instock","12":"taxable","13":"shipping-taxable","14":"purchasable","15":"product-type-simple"},"translation":{"provider":"WPGlobus","version":"3.0.0","language":"en","enabled_languages":["es","en"],"languages":{"es":{"title":true,"content":true,"excerpt":true},"en":{"title":false,"content":false,"excerpt":false}}},"yoast_head":"<!-- This site is optimized with the Yoast SEO plugin v26.4 - https:\/\/yoast.com\/wordpress\/plugins\/seo\/ -->\n<title>EL VALAO 2023 - Vino de finca - D.O. Bierzo<\/title>\n<meta name=\"robots\" content=\"index, follow, max-snippet:-1, max-image-preview:large, max-video-preview:-1\" \/>\n<link rel=\"canonical\" href=\"https:\/\/www.vinosvaltuille.com\/producto\/el-valao\/\" \/>\n<meta property=\"og:locale\" content=\"en_US\" \/>\n<meta property=\"og:type\" content=\"article\" \/>\n<meta property=\"og:title\" content=\"EL VALAO 2023 - Vinos Valtuille\" \/>\n<meta property=\"og:url\" content=\"https:\/\/www.vinosvaltuille.com\/producto\/el-valao\/\" \/>\n<meta property=\"og:site_name\" content=\"Vinos Valtuille\" \/>\n<meta property=\"article:publisher\" content=\"https:\/\/www.facebook.com\/Vinos-Valtuille-1551026781776213\/\" \/>\n<meta property=\"article:modified_time\" content=\"2025-11-24T09:52:26+00:00\" \/>\n<meta property=\"og:image\" content=\"https:\/\/www.vinosvaltuille.com\/wp-content\/uploads\/2020\/06\/El-Valao.jpg\" \/>\n\t<meta property=\"og:image:width\" content=\"800\" \/>\n\t<meta property=\"og:image:height\" content=\"716\" \/>\n\t<meta property=\"og:image:type\" content=\"image\/jpeg\" \/>\n<meta name=\"twitter:card\" content=\"summary_large_image\" \/>\n<meta name=\"twitter:site\" content=\"@vvaltuille\" \/>\n<meta name=\"twitter:label1\" content=\"Est. reading time\" \/>\n\t<meta name=\"twitter:data1\" content=\"1 minute\" \/>\n<script type=\"application\/ld+json\" class=\"yoast-schema-graph\">{\"@context\":\"https:\/\/schema.org\",\"@graph\":[{\"@type\":\"WebPage\",\"@id\":\"https:\/\/www.vinosvaltuille.com\/producto\/el-valao\/\",\"url\":\"https:\/\/www.vinosvaltuille.com\/producto\/el-valao\/\",\"name\":\"EL VALAO 2023 - Vino de finca - D.O. Bierzo\",\"isPartOf\":{\"@id\":\"https:\/\/www.vinosvaltuille.com\/#website\"},\"primaryImageOfPage\":{\"@id\":\"https:\/\/www.vinosvaltuille.com\/producto\/el-valao\/#primaryimage\"},\"image\":{\"@id\":\"https:\/\/www.vinosvaltuille.com\/producto\/el-valao\/#primaryimage\"},\"thumbnailUrl\":\"https:\/\/www.vinosvaltuille.com\/wp-content\/uploads\/2020\/06\/El-Valao.jpg\",\"datePublished\":\"2020-09-01T11:14:49+00:00\",\"dateModified\":\"2025-11-24T09:52:26+00:00\",\"description\":\"Menc\u00eda de la D.O. Bierzo. Uva procedente de la Finca el Valao, de 90 a\u00f1os de edad. 92 + puntos Parker.\",\"breadcrumb\":{\"@id\":\"https:\/\/www.vinosvaltuille.com\/producto\/el-valao\/#breadcrumb\"},\"inLanguage\":\"en-US\",\"potentialAction\":[{\"@type\":\"ReadAction\",\"target\":[\"https:\/\/www.vinosvaltuille.com\/producto\/el-valao\/\"]}]},{\"@type\":\"ImageObject\",\"inLanguage\":\"en-US\",\"@id\":\"https:\/\/www.vinosvaltuille.com\/producto\/el-valao\/#primaryimage\",\"url\":\"https:\/\/www.vinosvaltuille.com\/wp-content\/uploads\/2020\/06\/El-Valao.jpg\",\"contentUrl\":\"https:\/\/www.vinosvaltuille.com\/wp-content\/uploads\/2020\/06\/El-Valao.jpg\",\"width\":800,\"height\":716},{\"@type\":\"BreadcrumbList\",\"@id\":\"https:\/\/www.vinosvaltuille.com\/producto\/el-valao\/#breadcrumb\",\"itemListElement\":[{\"@type\":\"ListItem\",\"position\":1,\"name\":\"Portada\",\"item\":\"https:\/\/www.vinosvaltuille.com\/\"},{\"@type\":\"ListItem\",\"position\":2,\"name\":\"Tienda\",\"item\":\"https:\/\/www.vinosvaltuille.com\/tienda\/\"},{\"@type\":\"ListItem\",\"position\":3,\"name\":\"EL VALAO 2023\"}]},{\"@type\":\"WebSite\",\"@id\":\"https:\/\/www.vinosvaltuille.com\/#website\",\"url\":\"https:\/\/www.vinosvaltuille.com\/\",\"name\":\"Vinos Valtuille\",\"description\":\"Attachtment to land, passion for wine\",\"potentialAction\":[{\"@type\":\"SearchAction\",\"target\":{\"@type\":\"EntryPoint\",\"urlTemplate\":\"https:\/\/www.vinosvaltuille.com\/?s={search_term_string}\"},\"query-input\":{\"@type\":\"PropertyValueSpecification\",\"valueRequired\":true,\"valueName\":\"search_term_string\"}}],\"inLanguage\":\"en-US\"}]}<\/script>\n<!-- \/ Yoast SEO plugin. -->","yoast_head_json":{"title":"EL VALAO 2023 - Vino de finca - D.O. Bierzo","robots":{"index":"index","follow":"follow","max-snippet":"max-snippet:-1","max-image-preview":"max-image-preview:large","max-video-preview":"max-video-preview:-1"},"canonical":"https:\/\/www.vinosvaltuille.com\/producto\/el-valao\/","og_locale":"en_US","og_type":"article","og_title":"EL VALAO 2023 - Vinos Valtuille","og_url":"https:\/\/www.vinosvaltuille.com\/producto\/el-valao\/","og_site_name":"Vinos Valtuille","article_publisher":"https:\/\/www.facebook.com\/Vinos-Valtuille-1551026781776213\/","article_modified_time":"2025-11-24T09:52:26+00:00","og_image":[{"width":800,"height":716,"url":"https:\/\/www.vinosvaltuille.com\/wp-content\/uploads\/2020\/06\/El-Valao.jpg","type":"image\/jpeg"}],"twitter_card":"summary_large_image","twitter_site":"@vvaltuille","twitter_misc":{"Est. reading time":"1 minute"},"schema":{"@context":"https:\/\/schema.org","@graph":[{"@type":"WebPage","@id":"https:\/\/www.vinosvaltuille.com\/producto\/el-valao\/","url":"https:\/\/www.vinosvaltuille.com\/producto\/el-valao\/","name":"EL VALAO 2023 - Vino de finca - D.O. Bierzo","isPartOf":{"@id":"https:\/\/www.vinosvaltuille.com\/#website"},"primaryImageOfPage":{"@id":"https:\/\/www.vinosvaltuille.com\/producto\/el-valao\/#primaryimage"},"image":{"@id":"https:\/\/www.vinosvaltuille.com\/producto\/el-valao\/#primaryimage"},"thumbnailUrl":"https:\/\/www.vinosvaltuille.com\/wp-content\/uploads\/2020\/06\/El-Valao.jpg","datePublished":"2020-09-01T11:14:49+00:00","dateModified":"2025-11-24T09:52:26+00:00","description":"Menc\u00eda de la D.O. Bierzo. Uva procedente de la Finca el Valao, de 90 a\u00f1os de edad. 92 + puntos Parker.","breadcrumb":{"@id":"https:\/\/www.vinosvaltuille.com\/producto\/el-valao\/#breadcrumb"},"inLanguage":"en-US","potentialAction":[{"@type":"ReadAction","target":["https:\/\/www.vinosvaltuille.com\/producto\/el-valao\/"]}]},{"@type":"ImageObject","inLanguage":"en-US","@id":"https:\/\/www.vinosvaltuille.com\/producto\/el-valao\/#primaryimage","url":"https:\/\/www.vinosvaltuille.com\/wp-content\/uploads\/2020\/06\/El-Valao.jpg","contentUrl":"https:\/\/www.vinosvaltuille.com\/wp-content\/uploads\/2020\/06\/El-Valao.jpg","width":800,"height":716},{"@type":"BreadcrumbList","@id":"https:\/\/www.vinosvaltuille.com\/producto\/el-valao\/#breadcrumb","itemListElement":[{"@type":"ListItem","position":1,"name":"Portada","item":"https:\/\/www.vinosvaltuille.com\/"},{"@type":"ListItem","position":2,"name":"Tienda","item":"https:\/\/www.vinosvaltuille.com\/tienda\/"},{"@type":"ListItem","position":3,"name":"EL VALAO 2023"}]},{"@type":"WebSite","@id":"https:\/\/www.vinosvaltuille.com\/#website","url":"https:\/\/www.vinosvaltuille.com\/","name":"Vinos Valtuille","description":"Attachtment to land, passion for wine","potentialAction":[{"@type":"SearchAction","target":{"@type":"EntryPoint","urlTemplate":"https:\/\/www.vinosvaltuille.com\/?s={search_term_string}"},"query-input":{"@type":"PropertyValueSpecification","valueRequired":true,"valueName":"search_term_string"}}],"inLanguage":"en-US"}]}},"_links":{"self":[{"href":"https:\/\/www.vinosvaltuille.com\/en\/wp-json\/wp\/v2\/product\/3919","targetHints":{"allow":["GET"]}}],"collection":[{"href":"https:\/\/www.vinosvaltuille.com\/en\/wp-json\/wp\/v2\/product"}],"about":[{"href":"https:\/\/www.vinosvaltuille.com\/en\/wp-json\/wp\/v2\/types\/product"}],"wp:featuredmedia":[{"embeddable":true,"href":"https:\/\/www.vinosvaltuille.com\/en\/wp-json\/wp\/v2\/media\/3798"}],"wp:attachment":[{"href":"https:\/\/www.vinosvaltuille.com\/en\/wp-json\/wp\/v2\/media?parent=3919"}],"wp:term":[{"taxonomy":"product_brand","embeddable":true,"href":"https:\/\/www.vinosvaltuille.com\/en\/wp-json\/wp\/v2\/product_brand?post=3919"},{"taxonomy":"product_cat","embeddable":true,"href":"https:\/\/www.vinosvaltuille.com\/en\/wp-json\/wp\/v2\/product_cat?post=3919"},{"taxonomy":"product_tag","embeddable":true,"href":"https:\/\/www.vinosvaltuille.com\/en\/wp-json\/wp\/v2\/product_tag?post=3919"}],"curies":[{"name":"wp","href":"https:\/\/api.w.org\/{rel}","templated":true}]}}