{"id":3922,"date":"2020-09-01T14:05:41","date_gmt":"2020-09-01T12:05:41","guid":{"rendered":"https:\/\/www.vinosvaltuille.com\/?post_type=product&#038;p=3922"},"modified":"2025-11-24T10:43:26","modified_gmt":"2025-11-24T09:43:26","slug":"cabanelas","status":"publish","type":"product","link":"https:\/\/www.vinosvaltuille.com\/en\/producto\/cabanelas\/","title":{"rendered":"CABANELAS 2020-VINO DE PARAJE"},"content":{"rendered":"<p><strong>VARIEDAD DE UVA:<\/strong>\u00a0100% Menc\u00eda<br \/>\n<strong>TIEMPO EN BARRICA:<\/strong>\u00a012 meses en barrica<br \/>\nde roble franc\u00e9s<br \/>\n<strong>VOLUMEN ALCOHOL:<\/strong>\u00a014%<br \/>\n<strong>ORIGEN:<\/strong>\u00a0DO Bierzo | Valtuille de Abajo<br \/>\n<strong>PRODUCCI\u00d3N:<\/strong>\u00a0Vides cuidadosamente seleccionadas de la parte alta de uno de nuestros vi\u00f1edos m\u00e1s viejos, plantado en 1925 a una altitud de 600 metros. Rendimientos entre 1500 kg\/ha a 2000 kg\/ha. Suelos arenosos con un poco de arcilla. Cosecha manual en cajas de 15 kg, pasando los racimos por una mesa de selecci\u00f3n para evitar los que no lleguen a nuestro baremo de calidad. La fermentaci\u00f3n alcoh\u00f3lica se produce en barrica con el 50% de las l\u00edas. Despu\u00e9s se traslada a barricas de roble franc\u00e9s en donde se produce la fermentaci\u00f3n malol\u00e1ctica.<br \/>\n<strong>ENVEJECIMIENTO:<\/strong><br \/>\nDespu\u00e9s de la fermentaci\u00f3n malol\u00e1ctica, se traslada el vino a barricas de roble franc\u00e9s nuevas para que envejezca durante 13 meses.<br \/>\n<strong>NOTAS DE CATA:<\/strong><br \/>\nColor rojo intenso con toques violeta. En nar\u00edz es muy potente, frutos rojos como moras, frambuesas y ciruelas, incienso, pimienta negra, bosque y toques minerales. Regaliz, humo y aromas bals\u00e1micos tambi\u00e9n est\u00e1n presentes. Amplio en boca, con mucho cuerpo, regusto duradero en el que los frutos rojos se mezclan con el humo. Equilibrio perfecto con taninos muy finos.<br \/>\n<strong>CATADOR:<\/strong>\u00a028 de febrero de 2019 -Luis Guti\u00e9rrez \u2013 90 puntos Parker<\/p>\n<p><strong>CATADOR:<\/strong><\/p>\n<p>A\u00d1ADA 2017.-93 puntos Parker.<\/p>\n<p>A\u00d1ADA 2018.-94 puntos Parker<\/p>\n<p>&nbsp;<\/p>\n<p>&nbsp;<\/p>\n","protected":false},"excerpt":{"rendered":"<p><strong>PRODUCCI\u00d3N:<\/strong>\u00a0Vides cuidadosamente seleccionadas de la parte alta de uno de nuestros vi\u00f1edos m\u00e1s viejos, plantado en 1925 a una altitud de 600 metros. Rendimientos entre 1500 kg\/ha a 2000 kg\/ha. Suelos arenosos con un poco de arcilla. Cosecha manual en cajas de 15 kg, pasando los racimos por una mesa de selecci\u00f3n para evitar los que no lleguen a nuestro baremo de calidad. La fermentaci\u00f3n alcoh\u00f3lica se produce en barrica con el 50% de las l\u00edas. Despu\u00e9s se traslada a barricas de roble franc\u00e9s en donde se produce la fermentaci\u00f3n malol\u00e1ctica.<\/p>\n<p><strong>ENVEJECIMIENTO:<\/strong><br \/>\nDespu\u00e9s de la fermentaci\u00f3n malol\u00e1ctica, se traslada el vino a barricas de roble franc\u00e9s nuevas para que envejezca durante 13 meses.<\/p>\n<p><strong>CATADOR:<\/strong> 30 de junio de 2020 -Luis Guti\u00e9rrez \u2013 93 puntos Parker.<\/p>\n","protected":false},"featured_media":30,"template":"","meta":{"_coblocks_attr":"","_coblocks_dimensions":"","_coblocks_responsive_height":"","_coblocks_accordion_ie_support":""},"product_brand":[],"product_cat":[41,39,40],"product_tag":[],"class_list":{"0":"post-3922","1":"product","2":"type-product","3":"status-publish","4":"has-post-thumbnail","6":"product_cat-barrica","7":"product_cat-mencia","8":"product_cat-vino-de-finca","9":"post-has-thumbnail","11":"first","12":"instock","13":"taxable","14":"shipping-taxable","15":"purchasable","16":"product-type-simple"},"translation":{"provider":"WPGlobus","version":"3.0.0","language":"en","enabled_languages":["es","en"],"languages":{"es":{"title":true,"content":true,"excerpt":true},"en":{"title":false,"content":false,"excerpt":false}}},"yoast_head":"<!-- This site is optimized with the Yoast SEO plugin v26.4 - https:\/\/yoast.com\/wordpress\/plugins\/seo\/ -->\n<title>CABANELAS 2020-VINO DE PARAJE - Vino de finca menc\u00eda barrica<\/title>\n<meta name=\"robots\" content=\"index, follow, max-snippet:-1, max-image-preview:large, max-video-preview:-1\" \/>\n<link rel=\"canonical\" href=\"https:\/\/www.vinosvaltuille.com\/producto\/cabanelas\/\" \/>\n<meta property=\"og:locale\" content=\"en_US\" \/>\n<meta property=\"og:type\" content=\"article\" \/>\n<meta property=\"og:title\" content=\"CABANELAS 2020-VINO DE PARAJE - Vinos Valtuille\" \/>\n<meta property=\"og:url\" content=\"https:\/\/www.vinosvaltuille.com\/producto\/cabanelas\/\" \/>\n<meta property=\"og:site_name\" content=\"Vinos Valtuille\" \/>\n<meta property=\"article:publisher\" content=\"https:\/\/www.facebook.com\/Vinos-Valtuille-1551026781776213\/\" \/>\n<meta property=\"article:modified_time\" content=\"2025-11-24T09:43:26+00:00\" \/>\n<meta property=\"og:image\" content=\"https:\/\/www.vinosvaltuille.com\/wp-content\/uploads\/2017\/05\/2.jpg\" \/>\n\t<meta property=\"og:image:width\" content=\"800\" \/>\n\t<meta property=\"og:image:height\" content=\"716\" \/>\n\t<meta property=\"og:image:type\" content=\"image\/jpeg\" \/>\n<meta name=\"twitter:card\" content=\"summary_large_image\" \/>\n<meta name=\"twitter:site\" content=\"@vvaltuille\" \/>\n<meta name=\"twitter:label1\" content=\"Est. reading time\" \/>\n\t<meta name=\"twitter:data1\" content=\"2 minutes\" \/>\n<script type=\"application\/ld+json\" class=\"yoast-schema-graph\">{\"@context\":\"https:\/\/schema.org\",\"@graph\":[{\"@type\":\"WebPage\",\"@id\":\"https:\/\/www.vinosvaltuille.com\/producto\/cabanelas\/\",\"url\":\"https:\/\/www.vinosvaltuille.com\/producto\/cabanelas\/\",\"name\":\"CABANELAS 2020-VINO DE PARAJE - Vino de finca menc\u00eda barrica\",\"isPartOf\":{\"@id\":\"https:\/\/www.vinosvaltuille.com\/#website\"},\"primaryImageOfPage\":{\"@id\":\"https:\/\/www.vinosvaltuille.com\/producto\/cabanelas\/#primaryimage\"},\"image\":{\"@id\":\"https:\/\/www.vinosvaltuille.com\/producto\/cabanelas\/#primaryimage\"},\"thumbnailUrl\":\"https:\/\/www.vinosvaltuille.com\/wp-content\/uploads\/2017\/05\/2.jpg\",\"datePublished\":\"2020-09-01T12:05:41+00:00\",\"dateModified\":\"2025-11-24T09:43:26+00:00\",\"description\":\"Vino 100% menc\u00eda, 12 mese en barrica nueva de roble franc\u00e9s. Fermentaci\u00f3n con 50% de las l\u00edas. 90 puntos Parker.\",\"breadcrumb\":{\"@id\":\"https:\/\/www.vinosvaltuille.com\/producto\/cabanelas\/#breadcrumb\"},\"inLanguage\":\"en-US\",\"potentialAction\":[{\"@type\":\"ReadAction\",\"target\":[\"https:\/\/www.vinosvaltuille.com\/producto\/cabanelas\/\"]}]},{\"@type\":\"ImageObject\",\"inLanguage\":\"en-US\",\"@id\":\"https:\/\/www.vinosvaltuille.com\/producto\/cabanelas\/#primaryimage\",\"url\":\"https:\/\/www.vinosvaltuille.com\/wp-content\/uploads\/2017\/05\/2.jpg\",\"contentUrl\":\"https:\/\/www.vinosvaltuille.com\/wp-content\/uploads\/2017\/05\/2.jpg\",\"width\":800,\"height\":716},{\"@type\":\"BreadcrumbList\",\"@id\":\"https:\/\/www.vinosvaltuille.com\/producto\/cabanelas\/#breadcrumb\",\"itemListElement\":[{\"@type\":\"ListItem\",\"position\":1,\"name\":\"Portada\",\"item\":\"https:\/\/www.vinosvaltuille.com\/\"},{\"@type\":\"ListItem\",\"position\":2,\"name\":\"Tienda\",\"item\":\"https:\/\/www.vinosvaltuille.com\/tienda\/\"},{\"@type\":\"ListItem\",\"position\":3,\"name\":\"CABANELAS 2020-VINO DE PARAJE\"}]},{\"@type\":\"WebSite\",\"@id\":\"https:\/\/www.vinosvaltuille.com\/#website\",\"url\":\"https:\/\/www.vinosvaltuille.com\/\",\"name\":\"Vinos Valtuille\",\"description\":\"Attachtment to land, passion for wine\",\"potentialAction\":[{\"@type\":\"SearchAction\",\"target\":{\"@type\":\"EntryPoint\",\"urlTemplate\":\"https:\/\/www.vinosvaltuille.com\/?s={search_term_string}\"},\"query-input\":{\"@type\":\"PropertyValueSpecification\",\"valueRequired\":true,\"valueName\":\"search_term_string\"}}],\"inLanguage\":\"en-US\"}]}<\/script>\n<!-- \/ Yoast SEO plugin. -->","yoast_head_json":{"title":"CABANELAS 2020-VINO DE PARAJE - Vino de finca menc\u00eda barrica","robots":{"index":"index","follow":"follow","max-snippet":"max-snippet:-1","max-image-preview":"max-image-preview:large","max-video-preview":"max-video-preview:-1"},"canonical":"https:\/\/www.vinosvaltuille.com\/producto\/cabanelas\/","og_locale":"en_US","og_type":"article","og_title":"CABANELAS 2020-VINO DE PARAJE - Vinos Valtuille","og_url":"https:\/\/www.vinosvaltuille.com\/producto\/cabanelas\/","og_site_name":"Vinos Valtuille","article_publisher":"https:\/\/www.facebook.com\/Vinos-Valtuille-1551026781776213\/","article_modified_time":"2025-11-24T09:43:26+00:00","og_image":[{"width":800,"height":716,"url":"https:\/\/www.vinosvaltuille.com\/wp-content\/uploads\/2017\/05\/2.jpg","type":"image\/jpeg"}],"twitter_card":"summary_large_image","twitter_site":"@vvaltuille","twitter_misc":{"Est. reading time":"2 minutes"},"schema":{"@context":"https:\/\/schema.org","@graph":[{"@type":"WebPage","@id":"https:\/\/www.vinosvaltuille.com\/producto\/cabanelas\/","url":"https:\/\/www.vinosvaltuille.com\/producto\/cabanelas\/","name":"CABANELAS 2020-VINO DE PARAJE - Vino de finca menc\u00eda barrica","isPartOf":{"@id":"https:\/\/www.vinosvaltuille.com\/#website"},"primaryImageOfPage":{"@id":"https:\/\/www.vinosvaltuille.com\/producto\/cabanelas\/#primaryimage"},"image":{"@id":"https:\/\/www.vinosvaltuille.com\/producto\/cabanelas\/#primaryimage"},"thumbnailUrl":"https:\/\/www.vinosvaltuille.com\/wp-content\/uploads\/2017\/05\/2.jpg","datePublished":"2020-09-01T12:05:41+00:00","dateModified":"2025-11-24T09:43:26+00:00","description":"Vino 100% menc\u00eda, 12 mese en barrica nueva de roble franc\u00e9s. Fermentaci\u00f3n con 50% de las l\u00edas. 90 puntos Parker.","breadcrumb":{"@id":"https:\/\/www.vinosvaltuille.com\/producto\/cabanelas\/#breadcrumb"},"inLanguage":"en-US","potentialAction":[{"@type":"ReadAction","target":["https:\/\/www.vinosvaltuille.com\/producto\/cabanelas\/"]}]},{"@type":"ImageObject","inLanguage":"en-US","@id":"https:\/\/www.vinosvaltuille.com\/producto\/cabanelas\/#primaryimage","url":"https:\/\/www.vinosvaltuille.com\/wp-content\/uploads\/2017\/05\/2.jpg","contentUrl":"https:\/\/www.vinosvaltuille.com\/wp-content\/uploads\/2017\/05\/2.jpg","width":800,"height":716},{"@type":"BreadcrumbList","@id":"https:\/\/www.vinosvaltuille.com\/producto\/cabanelas\/#breadcrumb","itemListElement":[{"@type":"ListItem","position":1,"name":"Portada","item":"https:\/\/www.vinosvaltuille.com\/"},{"@type":"ListItem","position":2,"name":"Tienda","item":"https:\/\/www.vinosvaltuille.com\/tienda\/"},{"@type":"ListItem","position":3,"name":"CABANELAS 2020-VINO DE PARAJE"}]},{"@type":"WebSite","@id":"https:\/\/www.vinosvaltuille.com\/#website","url":"https:\/\/www.vinosvaltuille.com\/","name":"Vinos Valtuille","description":"Attachtment to land, passion for wine","potentialAction":[{"@type":"SearchAction","target":{"@type":"EntryPoint","urlTemplate":"https:\/\/www.vinosvaltuille.com\/?s={search_term_string}"},"query-input":{"@type":"PropertyValueSpecification","valueRequired":true,"valueName":"search_term_string"}}],"inLanguage":"en-US"}]}},"_links":{"self":[{"href":"https:\/\/www.vinosvaltuille.com\/en\/wp-json\/wp\/v2\/product\/3922","targetHints":{"allow":["GET"]}}],"collection":[{"href":"https:\/\/www.vinosvaltuille.com\/en\/wp-json\/wp\/v2\/product"}],"about":[{"href":"https:\/\/www.vinosvaltuille.com\/en\/wp-json\/wp\/v2\/types\/product"}],"wp:featuredmedia":[{"embeddable":true,"href":"https:\/\/www.vinosvaltuille.com\/en\/wp-json\/wp\/v2\/media\/30"}],"wp:attachment":[{"href":"https:\/\/www.vinosvaltuille.com\/en\/wp-json\/wp\/v2\/media?parent=3922"}],"wp:term":[{"taxonomy":"product_brand","embeddable":true,"href":"https:\/\/www.vinosvaltuille.com\/en\/wp-json\/wp\/v2\/product_brand?post=3922"},{"taxonomy":"product_cat","embeddable":true,"href":"https:\/\/www.vinosvaltuille.com\/en\/wp-json\/wp\/v2\/product_cat?post=3922"},{"taxonomy":"product_tag","embeddable":true,"href":"https:\/\/www.vinosvaltuille.com\/en\/wp-json\/wp\/v2\/product_tag?post=3922"}],"curies":[{"name":"wp","href":"https:\/\/api.w.org\/{rel}","templated":true}]}}