{"id":4093,"date":"2022-01-27T17:45:38","date_gmt":"2022-01-27T16:45:38","guid":{"rendered":"https:\/\/www.vinosvaltuille.com\/?post_type=product&#038;p=4093"},"modified":"2025-11-24T10:38:47","modified_gmt":"2025-11-24T09:38:47","slug":"el-rapolao-2020","status":"publish","type":"product","link":"https:\/\/www.vinosvaltuille.com\/en\/producto\/el-rapolao-2020\/","title":{"rendered":"EL RAPOLAO 2022-VINO DE PARAJE"},"content":{"rendered":"<p><strong>VARIEDAD DE UVA:<\/strong>\u00a0100% Menc\u00eda<br \/>\n<strong>TIEMPO EN BARRICA:<\/strong>\u00a08 meses en barrica de roble franc\u00e9s<br \/>\n<strong>VOLUMEN ALCOHOL:<\/strong>\u00a014%<br \/>\n<strong>ORIGEN:<\/strong>\u00a0DO Bierzo, Valtuille de Abajo<br \/>\n<strong>PRODUCCI\u00d3N:<\/strong><br \/>\nUva procedente del paraje El Rapolao, de 95 a\u00f1os de edad, cuyo rendimiento se encuentra en torno a 2 kg\/cepa.<br \/>\nSuelo arcilloso con presencia de catos rodados. Parcela situada en la zona sureste de Valtuille de Abajo con orientaci\u00f3n oeste.<br \/>\nCosecha manual en cajas de 15 kg, pasando los racimos por una mesa de selecci\u00f3n para evitar los que no lleguen a nuestro baremo de calidad.<br \/>\nLa fermentaci\u00f3n alcoh\u00f3lica tiene lugar en dos tiempos, la mitad es en barricas con rasp\u00f3n y la otra despalillada en acero inoxidable.<br \/>\n<strong>ENVEJECIMIENTO:<\/strong><br \/>\nLas dos partes se juntan en barricas de roble de 225 litros donde tiene lugar la fermentaci\u00f3n malol\u00e1ctica y una estancia en torno a 8 meses.<br \/>\n<strong>NOTAS DE CATA:<\/strong><br \/>\nColor rojo intenso con toques violeta. En nar\u00edz es muy fresco. Frutos rojos como moras y bayas silvestres. Tambi\u00e9n est\u00e1n presentes algunos toques de aromas bals\u00e1micos.<br \/>\nEl vino est\u00e1 bien estructurado en boca, con gran profundidad y un final afrutado persistente, con la elegancia como nota diferenciadora<\/p>\n<p><strong>A\u00d1ADA 2019.-<\/strong> 94 puntos Parker<\/p>\n<p>&nbsp;<\/p>\n","protected":false},"excerpt":{"rendered":"<p><strong>PRODUCCI\u00d3N:<\/strong> Uva procedente del paraje El Rapolao, cuyo rendimiento se encuentra en torno a los 2 kg\/cepa. Suelo arcilloso con presencia de cantos rodados. Parcela situada en la zona sureste de Valtuille de Abajo con orientaci\u00f3n oeste. Cosecha manual en cajas de 15 kg, pasando los racimos por una mesa de selecci\u00f3n para evitar los que no lleguen a nuestro baremo de calidad. La fermentaci\u00f3n alcoh\u00f3lica tiene lugar en dos tiempos, la mitad es en barricas con rasp\u00f3n, y la otra despalillada en acero inoxidable.<\/p>\n<p><strong>ENVEJECIMIENTO:<\/strong><br \/>\nLas dos partes se juntan en barricas de roble de 225 litros donde tiene lugar la fermentaci\u00f3n malol\u00e1ctica y una estancia en torno a 8 meses.<\/p>\n<p>&nbsp;<\/p>\n","protected":false},"featured_media":4092,"template":"","meta":{"_coblocks_attr":"","_coblocks_dimensions":"","_coblocks_responsive_height":"","_coblocks_accordion_ie_support":""},"product_brand":[],"product_cat":[41,39,40],"product_tag":[],"class_list":{"0":"post-4093","1":"product","2":"type-product","3":"status-publish","4":"has-post-thumbnail","6":"product_cat-barrica","7":"product_cat-mencia","8":"product_cat-vino-de-finca","9":"post-has-thumbnail","11":"first","12":"instock","13":"taxable","14":"shipping-taxable","15":"purchasable","16":"product-type-simple"},"translation":{"provider":"WPGlobus","version":"3.0.0","language":"en","enabled_languages":["es","en"],"languages":{"es":{"title":true,"content":true,"excerpt":true},"en":{"title":false,"content":false,"excerpt":false}}},"yoast_head":"<!-- This site is optimized with the Yoast SEO plugin v26.4 - https:\/\/yoast.com\/wordpress\/plugins\/seo\/ -->\n<title>EL RAPOLAO 2022-VINO DE PARAJE - Vino de finca menc\u00eda barrica<\/title>\n<meta name=\"robots\" content=\"index, follow, max-snippet:-1, max-image-preview:large, max-video-preview:-1\" \/>\n<link rel=\"canonical\" href=\"https:\/\/www.vinosvaltuille.com\/producto\/el-rapolao-2020\/\" \/>\n<meta property=\"og:locale\" content=\"en_US\" \/>\n<meta property=\"og:type\" content=\"article\" \/>\n<meta property=\"og:title\" content=\"EL RAPOLAO 2022-VINO DE PARAJE - Vinos Valtuille\" \/>\n<meta property=\"og:url\" content=\"https:\/\/www.vinosvaltuille.com\/producto\/el-rapolao-2020\/\" \/>\n<meta property=\"og:site_name\" content=\"Vinos Valtuille\" \/>\n<meta property=\"article:publisher\" content=\"https:\/\/www.facebook.com\/Vinos-Valtuille-1551026781776213\/\" \/>\n<meta property=\"article:modified_time\" content=\"2025-11-24T09:38:47+00:00\" \/>\n<meta property=\"og:image\" content=\"https:\/\/www.vinosvaltuille.com\/wp-content\/uploads\/2022\/01\/El-Rapolao.jpg\" \/>\n\t<meta property=\"og:image:width\" content=\"800\" \/>\n\t<meta property=\"og:image:height\" content=\"716\" \/>\n\t<meta property=\"og:image:type\" content=\"image\/jpeg\" \/>\n<meta name=\"twitter:card\" content=\"summary_large_image\" \/>\n<meta name=\"twitter:site\" content=\"@vvaltuille\" \/>\n<meta name=\"twitter:label1\" content=\"Est. reading time\" \/>\n\t<meta name=\"twitter:data1\" content=\"2 minutes\" \/>\n<script type=\"application\/ld+json\" class=\"yoast-schema-graph\">{\"@context\":\"https:\/\/schema.org\",\"@graph\":[{\"@type\":\"WebPage\",\"@id\":\"https:\/\/www.vinosvaltuille.com\/producto\/el-rapolao-2020\/\",\"url\":\"https:\/\/www.vinosvaltuille.com\/producto\/el-rapolao-2020\/\",\"name\":\"EL RAPOLAO 2022-VINO DE PARAJE - Vino de finca menc\u00eda barrica\",\"isPartOf\":{\"@id\":\"https:\/\/www.vinosvaltuille.com\/#website\"},\"primaryImageOfPage\":{\"@id\":\"https:\/\/www.vinosvaltuille.com\/producto\/el-rapolao-2020\/#primaryimage\"},\"image\":{\"@id\":\"https:\/\/www.vinosvaltuille.com\/producto\/el-rapolao-2020\/#primaryimage\"},\"thumbnailUrl\":\"https:\/\/www.vinosvaltuille.com\/wp-content\/uploads\/2022\/01\/El-Rapolao.jpg\",\"datePublished\":\"2022-01-27T16:45:38+00:00\",\"dateModified\":\"2025-11-24T09:38:47+00:00\",\"description\":\"Envejece 8 meses en barrica de roble franc\u00e9s. Vino del paraje El Rapolao, de Valtuille de Abajo, denominaci\u00f3n de origen Bierzo.\",\"breadcrumb\":{\"@id\":\"https:\/\/www.vinosvaltuille.com\/producto\/el-rapolao-2020\/#breadcrumb\"},\"inLanguage\":\"en-US\",\"potentialAction\":[{\"@type\":\"ReadAction\",\"target\":[\"https:\/\/www.vinosvaltuille.com\/producto\/el-rapolao-2020\/\"]}]},{\"@type\":\"ImageObject\",\"inLanguage\":\"en-US\",\"@id\":\"https:\/\/www.vinosvaltuille.com\/producto\/el-rapolao-2020\/#primaryimage\",\"url\":\"https:\/\/www.vinosvaltuille.com\/wp-content\/uploads\/2022\/01\/El-Rapolao.jpg\",\"contentUrl\":\"https:\/\/www.vinosvaltuille.com\/wp-content\/uploads\/2022\/01\/El-Rapolao.jpg\",\"width\":800,\"height\":716},{\"@type\":\"BreadcrumbList\",\"@id\":\"https:\/\/www.vinosvaltuille.com\/producto\/el-rapolao-2020\/#breadcrumb\",\"itemListElement\":[{\"@type\":\"ListItem\",\"position\":1,\"name\":\"Portada\",\"item\":\"https:\/\/www.vinosvaltuille.com\/\"},{\"@type\":\"ListItem\",\"position\":2,\"name\":\"Tienda\",\"item\":\"https:\/\/www.vinosvaltuille.com\/tienda\/\"},{\"@type\":\"ListItem\",\"position\":3,\"name\":\"EL RAPOLAO 2022-VINO DE PARAJE\"}]},{\"@type\":\"WebSite\",\"@id\":\"https:\/\/www.vinosvaltuille.com\/#website\",\"url\":\"https:\/\/www.vinosvaltuille.com\/\",\"name\":\"Vinos Valtuille\",\"description\":\"Attachtment to land, passion for wine\",\"potentialAction\":[{\"@type\":\"SearchAction\",\"target\":{\"@type\":\"EntryPoint\",\"urlTemplate\":\"https:\/\/www.vinosvaltuille.com\/?s={search_term_string}\"},\"query-input\":{\"@type\":\"PropertyValueSpecification\",\"valueRequired\":true,\"valueName\":\"search_term_string\"}}],\"inLanguage\":\"en-US\"}]}<\/script>\n<!-- \/ Yoast SEO plugin. -->","yoast_head_json":{"title":"EL RAPOLAO 2022-VINO DE PARAJE - Vino de finca menc\u00eda barrica","robots":{"index":"index","follow":"follow","max-snippet":"max-snippet:-1","max-image-preview":"max-image-preview:large","max-video-preview":"max-video-preview:-1"},"canonical":"https:\/\/www.vinosvaltuille.com\/producto\/el-rapolao-2020\/","og_locale":"en_US","og_type":"article","og_title":"EL RAPOLAO 2022-VINO DE PARAJE - Vinos Valtuille","og_url":"https:\/\/www.vinosvaltuille.com\/producto\/el-rapolao-2020\/","og_site_name":"Vinos Valtuille","article_publisher":"https:\/\/www.facebook.com\/Vinos-Valtuille-1551026781776213\/","article_modified_time":"2025-11-24T09:38:47+00:00","og_image":[{"width":800,"height":716,"url":"https:\/\/www.vinosvaltuille.com\/wp-content\/uploads\/2022\/01\/El-Rapolao.jpg","type":"image\/jpeg"}],"twitter_card":"summary_large_image","twitter_site":"@vvaltuille","twitter_misc":{"Est. reading time":"2 minutes"},"schema":{"@context":"https:\/\/schema.org","@graph":[{"@type":"WebPage","@id":"https:\/\/www.vinosvaltuille.com\/producto\/el-rapolao-2020\/","url":"https:\/\/www.vinosvaltuille.com\/producto\/el-rapolao-2020\/","name":"EL RAPOLAO 2022-VINO DE PARAJE - Vino de finca menc\u00eda barrica","isPartOf":{"@id":"https:\/\/www.vinosvaltuille.com\/#website"},"primaryImageOfPage":{"@id":"https:\/\/www.vinosvaltuille.com\/producto\/el-rapolao-2020\/#primaryimage"},"image":{"@id":"https:\/\/www.vinosvaltuille.com\/producto\/el-rapolao-2020\/#primaryimage"},"thumbnailUrl":"https:\/\/www.vinosvaltuille.com\/wp-content\/uploads\/2022\/01\/El-Rapolao.jpg","datePublished":"2022-01-27T16:45:38+00:00","dateModified":"2025-11-24T09:38:47+00:00","description":"Envejece 8 meses en barrica de roble franc\u00e9s. Vino del paraje El Rapolao, de Valtuille de Abajo, denominaci\u00f3n de origen Bierzo.","breadcrumb":{"@id":"https:\/\/www.vinosvaltuille.com\/producto\/el-rapolao-2020\/#breadcrumb"},"inLanguage":"en-US","potentialAction":[{"@type":"ReadAction","target":["https:\/\/www.vinosvaltuille.com\/producto\/el-rapolao-2020\/"]}]},{"@type":"ImageObject","inLanguage":"en-US","@id":"https:\/\/www.vinosvaltuille.com\/producto\/el-rapolao-2020\/#primaryimage","url":"https:\/\/www.vinosvaltuille.com\/wp-content\/uploads\/2022\/01\/El-Rapolao.jpg","contentUrl":"https:\/\/www.vinosvaltuille.com\/wp-content\/uploads\/2022\/01\/El-Rapolao.jpg","width":800,"height":716},{"@type":"BreadcrumbList","@id":"https:\/\/www.vinosvaltuille.com\/producto\/el-rapolao-2020\/#breadcrumb","itemListElement":[{"@type":"ListItem","position":1,"name":"Portada","item":"https:\/\/www.vinosvaltuille.com\/"},{"@type":"ListItem","position":2,"name":"Tienda","item":"https:\/\/www.vinosvaltuille.com\/tienda\/"},{"@type":"ListItem","position":3,"name":"EL RAPOLAO 2022-VINO DE PARAJE"}]},{"@type":"WebSite","@id":"https:\/\/www.vinosvaltuille.com\/#website","url":"https:\/\/www.vinosvaltuille.com\/","name":"Vinos Valtuille","description":"Attachtment to land, passion for wine","potentialAction":[{"@type":"SearchAction","target":{"@type":"EntryPoint","urlTemplate":"https:\/\/www.vinosvaltuille.com\/?s={search_term_string}"},"query-input":{"@type":"PropertyValueSpecification","valueRequired":true,"valueName":"search_term_string"}}],"inLanguage":"en-US"}]}},"_links":{"self":[{"href":"https:\/\/www.vinosvaltuille.com\/en\/wp-json\/wp\/v2\/product\/4093","targetHints":{"allow":["GET"]}}],"collection":[{"href":"https:\/\/www.vinosvaltuille.com\/en\/wp-json\/wp\/v2\/product"}],"about":[{"href":"https:\/\/www.vinosvaltuille.com\/en\/wp-json\/wp\/v2\/types\/product"}],"wp:featuredmedia":[{"embeddable":true,"href":"https:\/\/www.vinosvaltuille.com\/en\/wp-json\/wp\/v2\/media\/4092"}],"wp:attachment":[{"href":"https:\/\/www.vinosvaltuille.com\/en\/wp-json\/wp\/v2\/media?parent=4093"}],"wp:term":[{"taxonomy":"product_brand","embeddable":true,"href":"https:\/\/www.vinosvaltuille.com\/en\/wp-json\/wp\/v2\/product_brand?post=4093"},{"taxonomy":"product_cat","embeddable":true,"href":"https:\/\/www.vinosvaltuille.com\/en\/wp-json\/wp\/v2\/product_cat?post=4093"},{"taxonomy":"product_tag","embeddable":true,"href":"https:\/\/www.vinosvaltuille.com\/en\/wp-json\/wp\/v2\/product_tag?post=4093"}],"curies":[{"name":"wp","href":"https:\/\/api.w.org\/{rel}","templated":true}]}}