{"id":4312,"date":"2024-09-05T17:15:37","date_gmt":"2024-09-05T15:15:37","guid":{"rendered":"https:\/\/www.vinosvaltuille.com\/?post_type=product&#038;p=4312"},"modified":"2025-11-24T10:37:19","modified_gmt":"2025-11-24T09:37:19","slug":"la-vitoriana-2022-vino-de-paraje","status":"publish","type":"product","link":"https:\/\/www.vinosvaltuille.com\/en\/producto\/la-vitoriana-2022-vino-de-paraje\/","title":{"rendered":"LA VITORIANA 2023-VINO DE PARAJE"},"content":{"rendered":"<p><strong>VARIEDAD DE UVA:<\/strong>\u00a0100% Menc\u00eda<br \/>\n<strong>TIEMPO EN BARRICA:<\/strong>\u00a010 meses en barrica de 225 litros.<br \/>\n<strong>VOLUMEN ALCOHOL:<\/strong>\u00a014%<br \/>\n<strong>ORIGEN:<\/strong>\u00a0<a href=\"https:\/\/www.crdobierzo.es\/es\/\">DO Bierzo<\/a>\u00a0| Valtuille de Abajo | vino de Paraje<br \/>\n<strong>PRODUCCI\u00d3N:<br \/>\n<\/strong>Uva procedente del paraje de La Vitoriana, de 95 a\u00f1os de edad, con un rendimiento en torno a 2 kg por cepa. Es una zona que se encuentra protegida por el Castro romano de la Ventosa, y est\u00e1 dispuesta en una ladera con ca\u00edda oeste, donde convergen dos peque\u00f1os valles con orientaci\u00f3n norte y sur respectivamente.<br \/>\nCon gran presencia de arcilla y materia org\u00e1nica y ausencia de canto rodado. Despu\u00e9s de tres generaciones trabaj\u00e1ndola quer\u00edamos resaltar su particular frescura.<br \/>\nCosecha manual en cajas de 15 kg. La fermentaci\u00f3n alcoh\u00f3lica tiene lugar en dep\u00f3sito de acero inoxidable, empleando nieve carb\u00f3nica en la primera fase.<br \/>\n<strong>ENVEJECIMIENTO:<\/strong><br \/>\nTras la fermentaci\u00f3n alcoh\u00f3lica se deposita el vino en dos barricas de 225 litros de roble franc\u00e9s, d\u00f3nde tiene lugar la fermentaci\u00f3n malol\u00e1ctica, completando su estancia 10 meses, tras los cuales el vino reposa el tiempo oportuno antes de comercializarse.<br \/>\n<strong>NOTAS DE CATA:<\/strong><br \/>\nColor rojo intenso con toques violeta. En nariz es muy aromatico y fresco. Frutos rojos y negros como la zarzamora o ciruela. Es un vino con mucha profundidad y equilibrio en su estructura.<br \/>\nPerfecto para una larga guarda.<br \/>\n<strong>CATADOR:<\/strong>\u00a0Agosto 2023 -Luis Guti\u00e9rrez \u2013 95 puntos Parker.<\/p>\n","protected":false},"excerpt":{"rendered":"<p>VARIEDAD DE UVA:\u00a0100% Menc\u00eda TIEMPO EN BARRICA:\u00a010 meses en barrica de 225 litros. VOLUMEN ALCOHOL:\u00a014% ORIGEN:\u00a0DO Bierzo\u00a0| Valtuille de Abajo | vino de Paraje PRODUCCI\u00d3N: Uva procedente del paraje de La Vitoriana, de 95 a\u00f1os de edad, con un rendimiento en torno a 2 kg por cepa. Es una zona que se encuentra protegida por el Castro romano de la Ventosa, y est\u00e1 dispuesta en una ladera con ca\u00edda oeste, donde convergen dos peque\u00f1os valles con orientaci\u00f3n norte y sur&hellip;<\/p>\n","protected":false},"featured_media":4232,"template":"","meta":{"_coblocks_attr":"","_coblocks_dimensions":"","_coblocks_responsive_height":"","_coblocks_accordion_ie_support":""},"product_brand":[],"product_cat":[41,39,40],"product_tag":[],"class_list":{"0":"post-4312","1":"product","2":"type-product","3":"status-publish","4":"has-post-thumbnail","6":"product_cat-barrica","7":"product_cat-mencia","8":"product_cat-vino-de-finca","9":"post-has-thumbnail","11":"first","12":"instock","13":"taxable","14":"shipping-taxable","15":"purchasable","16":"product-type-simple"},"translation":{"provider":"WPGlobus","version":"3.0.0","language":"en","enabled_languages":["es","en"],"languages":{"es":{"title":true,"content":true,"excerpt":false},"en":{"title":false,"content":false,"excerpt":false}}},"yoast_head":"<!-- This site is optimized with the Yoast SEO plugin v26.4 - https:\/\/yoast.com\/wordpress\/plugins\/seo\/ -->\n<title>LA VITORIANA 2023-VINO DE PARAJE - Vinos Valtuille<\/title>\n<meta name=\"robots\" content=\"index, follow, max-snippet:-1, max-image-preview:large, max-video-preview:-1\" \/>\n<link rel=\"canonical\" href=\"https:\/\/www.vinosvaltuille.com\/producto\/la-vitoriana-2022-vino-de-paraje\/\" \/>\n<meta property=\"og:locale\" content=\"en_US\" \/>\n<meta property=\"og:type\" content=\"article\" \/>\n<meta property=\"og:title\" content=\"LA VITORIANA 2023-VINO DE PARAJE - Vinos Valtuille\" \/>\n<meta property=\"og:url\" content=\"https:\/\/www.vinosvaltuille.com\/producto\/la-vitoriana-2022-vino-de-paraje\/\" \/>\n<meta property=\"og:site_name\" content=\"Vinos Valtuille\" \/>\n<meta property=\"article:publisher\" content=\"https:\/\/www.facebook.com\/Vinos-Valtuille-1551026781776213\/\" \/>\n<meta property=\"article:modified_time\" content=\"2025-11-24T09:37:19+00:00\" \/>\n<meta property=\"og:image\" content=\"https:\/\/www.vinosvaltuille.com\/wp-content\/uploads\/2023\/11\/vino_vitoriana.jpg\" \/>\n\t<meta property=\"og:image:width\" content=\"1000\" \/>\n\t<meta property=\"og:image:height\" content=\"895\" \/>\n\t<meta property=\"og:image:type\" content=\"image\/jpeg\" \/>\n<meta name=\"twitter:card\" content=\"summary_large_image\" \/>\n<meta name=\"twitter:site\" content=\"@vvaltuille\" \/>\n<meta name=\"twitter:label1\" content=\"Est. reading time\" \/>\n\t<meta name=\"twitter:data1\" content=\"2 minutes\" \/>\n<script type=\"application\/ld+json\" class=\"yoast-schema-graph\">{\"@context\":\"https:\/\/schema.org\",\"@graph\":[{\"@type\":\"WebPage\",\"@id\":\"https:\/\/www.vinosvaltuille.com\/producto\/la-vitoriana-2022-vino-de-paraje\/\",\"url\":\"https:\/\/www.vinosvaltuille.com\/producto\/la-vitoriana-2022-vino-de-paraje\/\",\"name\":\"LA VITORIANA 2023-VINO DE PARAJE - Vinos Valtuille\",\"isPartOf\":{\"@id\":\"https:\/\/www.vinosvaltuille.com\/#website\"},\"primaryImageOfPage\":{\"@id\":\"https:\/\/www.vinosvaltuille.com\/producto\/la-vitoriana-2022-vino-de-paraje\/#primaryimage\"},\"image\":{\"@id\":\"https:\/\/www.vinosvaltuille.com\/producto\/la-vitoriana-2022-vino-de-paraje\/#primaryimage\"},\"thumbnailUrl\":\"https:\/\/www.vinosvaltuille.com\/wp-content\/uploads\/2023\/11\/vino_vitoriana.jpg\",\"datePublished\":\"2024-09-05T15:15:37+00:00\",\"dateModified\":\"2025-11-24T09:37:19+00:00\",\"breadcrumb\":{\"@id\":\"https:\/\/www.vinosvaltuille.com\/producto\/la-vitoriana-2022-vino-de-paraje\/#breadcrumb\"},\"inLanguage\":\"en-US\",\"potentialAction\":[{\"@type\":\"ReadAction\",\"target\":[\"https:\/\/www.vinosvaltuille.com\/producto\/la-vitoriana-2022-vino-de-paraje\/\"]}]},{\"@type\":\"ImageObject\",\"inLanguage\":\"en-US\",\"@id\":\"https:\/\/www.vinosvaltuille.com\/producto\/la-vitoriana-2022-vino-de-paraje\/#primaryimage\",\"url\":\"https:\/\/www.vinosvaltuille.com\/wp-content\/uploads\/2023\/11\/vino_vitoriana.jpg\",\"contentUrl\":\"https:\/\/www.vinosvaltuille.com\/wp-content\/uploads\/2023\/11\/vino_vitoriana.jpg\",\"width\":1000,\"height\":895},{\"@type\":\"BreadcrumbList\",\"@id\":\"https:\/\/www.vinosvaltuille.com\/producto\/la-vitoriana-2022-vino-de-paraje\/#breadcrumb\",\"itemListElement\":[{\"@type\":\"ListItem\",\"position\":1,\"name\":\"Portada\",\"item\":\"https:\/\/www.vinosvaltuille.com\/\"},{\"@type\":\"ListItem\",\"position\":2,\"name\":\"Tienda\",\"item\":\"https:\/\/www.vinosvaltuille.com\/tienda\/\"},{\"@type\":\"ListItem\",\"position\":3,\"name\":\"LA VITORIANA 2023-VINO DE PARAJE\"}]},{\"@type\":\"WebSite\",\"@id\":\"https:\/\/www.vinosvaltuille.com\/#website\",\"url\":\"https:\/\/www.vinosvaltuille.com\/\",\"name\":\"Vinos Valtuille\",\"description\":\"Attachtment to land, passion for wine\",\"potentialAction\":[{\"@type\":\"SearchAction\",\"target\":{\"@type\":\"EntryPoint\",\"urlTemplate\":\"https:\/\/www.vinosvaltuille.com\/?s={search_term_string}\"},\"query-input\":{\"@type\":\"PropertyValueSpecification\",\"valueRequired\":true,\"valueName\":\"search_term_string\"}}],\"inLanguage\":\"en-US\"}]}<\/script>\n<!-- \/ Yoast SEO plugin. -->","yoast_head_json":{"title":"LA VITORIANA 2023-VINO DE PARAJE - Vinos Valtuille","robots":{"index":"index","follow":"follow","max-snippet":"max-snippet:-1","max-image-preview":"max-image-preview:large","max-video-preview":"max-video-preview:-1"},"canonical":"https:\/\/www.vinosvaltuille.com\/producto\/la-vitoriana-2022-vino-de-paraje\/","og_locale":"en_US","og_type":"article","og_title":"LA VITORIANA 2023-VINO DE PARAJE - Vinos Valtuille","og_url":"https:\/\/www.vinosvaltuille.com\/producto\/la-vitoriana-2022-vino-de-paraje\/","og_site_name":"Vinos Valtuille","article_publisher":"https:\/\/www.facebook.com\/Vinos-Valtuille-1551026781776213\/","article_modified_time":"2025-11-24T09:37:19+00:00","og_image":[{"width":1000,"height":895,"url":"https:\/\/www.vinosvaltuille.com\/wp-content\/uploads\/2023\/11\/vino_vitoriana.jpg","type":"image\/jpeg"}],"twitter_card":"summary_large_image","twitter_site":"@vvaltuille","twitter_misc":{"Est. reading time":"2 minutes"},"schema":{"@context":"https:\/\/schema.org","@graph":[{"@type":"WebPage","@id":"https:\/\/www.vinosvaltuille.com\/producto\/la-vitoriana-2022-vino-de-paraje\/","url":"https:\/\/www.vinosvaltuille.com\/producto\/la-vitoriana-2022-vino-de-paraje\/","name":"LA VITORIANA 2023-VINO DE PARAJE - Vinos Valtuille","isPartOf":{"@id":"https:\/\/www.vinosvaltuille.com\/#website"},"primaryImageOfPage":{"@id":"https:\/\/www.vinosvaltuille.com\/producto\/la-vitoriana-2022-vino-de-paraje\/#primaryimage"},"image":{"@id":"https:\/\/www.vinosvaltuille.com\/producto\/la-vitoriana-2022-vino-de-paraje\/#primaryimage"},"thumbnailUrl":"https:\/\/www.vinosvaltuille.com\/wp-content\/uploads\/2023\/11\/vino_vitoriana.jpg","datePublished":"2024-09-05T15:15:37+00:00","dateModified":"2025-11-24T09:37:19+00:00","breadcrumb":{"@id":"https:\/\/www.vinosvaltuille.com\/producto\/la-vitoriana-2022-vino-de-paraje\/#breadcrumb"},"inLanguage":"en-US","potentialAction":[{"@type":"ReadAction","target":["https:\/\/www.vinosvaltuille.com\/producto\/la-vitoriana-2022-vino-de-paraje\/"]}]},{"@type":"ImageObject","inLanguage":"en-US","@id":"https:\/\/www.vinosvaltuille.com\/producto\/la-vitoriana-2022-vino-de-paraje\/#primaryimage","url":"https:\/\/www.vinosvaltuille.com\/wp-content\/uploads\/2023\/11\/vino_vitoriana.jpg","contentUrl":"https:\/\/www.vinosvaltuille.com\/wp-content\/uploads\/2023\/11\/vino_vitoriana.jpg","width":1000,"height":895},{"@type":"BreadcrumbList","@id":"https:\/\/www.vinosvaltuille.com\/producto\/la-vitoriana-2022-vino-de-paraje\/#breadcrumb","itemListElement":[{"@type":"ListItem","position":1,"name":"Portada","item":"https:\/\/www.vinosvaltuille.com\/"},{"@type":"ListItem","position":2,"name":"Tienda","item":"https:\/\/www.vinosvaltuille.com\/tienda\/"},{"@type":"ListItem","position":3,"name":"LA VITORIANA 2023-VINO DE PARAJE"}]},{"@type":"WebSite","@id":"https:\/\/www.vinosvaltuille.com\/#website","url":"https:\/\/www.vinosvaltuille.com\/","name":"Vinos Valtuille","description":"Attachtment to land, passion for wine","potentialAction":[{"@type":"SearchAction","target":{"@type":"EntryPoint","urlTemplate":"https:\/\/www.vinosvaltuille.com\/?s={search_term_string}"},"query-input":{"@type":"PropertyValueSpecification","valueRequired":true,"valueName":"search_term_string"}}],"inLanguage":"en-US"}]}},"_links":{"self":[{"href":"https:\/\/www.vinosvaltuille.com\/en\/wp-json\/wp\/v2\/product\/4312","targetHints":{"allow":["GET"]}}],"collection":[{"href":"https:\/\/www.vinosvaltuille.com\/en\/wp-json\/wp\/v2\/product"}],"about":[{"href":"https:\/\/www.vinosvaltuille.com\/en\/wp-json\/wp\/v2\/types\/product"}],"wp:featuredmedia":[{"embeddable":true,"href":"https:\/\/www.vinosvaltuille.com\/en\/wp-json\/wp\/v2\/media\/4232"}],"wp:attachment":[{"href":"https:\/\/www.vinosvaltuille.com\/en\/wp-json\/wp\/v2\/media?parent=4312"}],"wp:term":[{"taxonomy":"product_brand","embeddable":true,"href":"https:\/\/www.vinosvaltuille.com\/en\/wp-json\/wp\/v2\/product_brand?post=4312"},{"taxonomy":"product_cat","embeddable":true,"href":"https:\/\/www.vinosvaltuille.com\/en\/wp-json\/wp\/v2\/product_cat?post=4312"},{"taxonomy":"product_tag","embeddable":true,"href":"https:\/\/www.vinosvaltuille.com\/en\/wp-json\/wp\/v2\/product_tag?post=4312"}],"curies":[{"name":"wp","href":"https:\/\/api.w.org\/{rel}","templated":true}]}}